{"id":937,"date":"2019-03-11T17:29:16","date_gmt":"2019-03-11T16:29:16","guid":{"rendered":"https:\/\/microbioma.es\/?page_id=937"},"modified":"2023-03-28T18:41:29","modified_gmt":"2023-03-28T16:41:29","slug":"terminos-y-condiciones","status":"publish","type":"page","link":"https:\/\/microbioma.es\/en\/terminos-y-condiciones\/","title":{"rendered":"TERMS AND CONDITIONS"},"content":{"rendered":"<div data-elementor-type=\"wp-post\" data-elementor-id=\"937\" class=\"elementor elementor-937\" data-elementor-post-type=\"page\">\n\t\t\t\t\t\t<section data-particle_enable=\"false\" data-particle-mobile-disabled=\"false\" class=\"elementor-section elementor-top-section elementor-element elementor-element-6c2f9f3 elementor-section-boxed elementor-section-height-default elementor-section-height-default\" data-id=\"6c2f9f3\" data-element_type=\"section\" data-settings=\"{&quot;background_background&quot;:&quot;classic&quot;}\">\n\t\t\t\t\t\t<div class=\"elementor-container elementor-column-gap-default\">\n\t\t\t\t\t<div class=\"elementor-column elementor-col-100 elementor-top-column elementor-element elementor-element-cedc9a8\" data-id=\"cedc9a8\" data-element_type=\"column\">\n\t\t\t<div class=\"elementor-widget-wrap elementor-element-populated\">\n\t\t\t\t\t\t<div class=\"elementor-element elementor-element-47a1d7c elementor-widget elementor-widget-text-editor\" data-id=\"47a1d7c\" data-element_type=\"widget\" data-widget_type=\"text-editor.default\">\n\t\t\t\t<div class=\"elementor-widget-container\">\n\t\t\t\t\t\t\t\t\t<h2 style=\"text-align: center;\">TERMS AND CONDITIONS<\/h2><h2>I. OBJECT<\/h2><p>The purpose of these terms and conditions is to regulate the relationship between Soluciones Agromarketing SL with CIF B73907842 and registered office at C\/ Jos\u00e9 Mar\u00edn Camacho, 20, 30530, Cieza, Murcia, hereinafter the &quot;Company&quot;, and users who purchase virtual products through the website <a href=\"https:\/\/microbioma.es\/en\/\" target=\"_new\">www.microbioma.es<\/a>, hereinafter the &quot;Website&quot;.<\/p><h2>II. PRODUCTS AND PRICES<\/h2><p>The Company offers virtual products such as registrations for congresses and courses. The prices indicated on the Website are in euros and include the Value Added Tax (VAT) applicable in Spain, except in cases where otherwise specified. The prices shown do not include management costs, which will be detailed in the purchase process and will be paid by the user.<\/p><h2>III. PAYMENT METHODS<\/h2><p>The Company accepts the following payment methods: credit card, bizum, PayPal and bank transfer. In case of payment by bank transfer, the user must indicate the assigned order number in the concept. The Company will not be responsible for delays or problems derived from the lack of information or error in the data provided by the user to make the payment.<\/p><h2>IV. DELIVERY OF VIRTUAL PRODUCTS<\/h2><p>The delivery of virtual products will be made through the email provided by the user during the purchase process. Once the payment is confirmed, the user will receive an email with the confirmation of the registration to the congress or course purchased and all the necessary information to access it.<\/p><h2>V. WITHDRAWAL AND CHANGES<\/h2><p>The user may revoke the purchase or withdraw from the contract within 14 calendar days without the need for justification by email. <a href=\"mailto:microbioma@agromarketing.es\" target=\"_new\">microbioma@agromarketing.es<\/a>. The withdrawal period will expire after 14 calendar days from which you can only make changes. In case of change, the Company reserves the right to modify the price of the product if the user requests a different product with a different price.<\/p><h2>SAW. WARRANTY AND CLAIMS<\/h2><p>The Company guarantees the quality of the products offered on the Web in accordance with the applicable regulations. In the event that the user detects any deficiency in the product received, they must contact the Company via email <a href=\"mailto:congreso@microbioma.es\" target=\"_new\">congreso@microbioma.es<\/a> to start the claim process.<\/p><h2>VII. INTELLECTUAL PROPERTY<\/h2><p>All the contents of the Web, understood as but not limited to, the texts, photographs, graphics, images, icons, technology, software, links and other audiovisual or sound content, as well as its graphic design and source codes, are the exclusive property of the Company or third parties, without being understood to be assigned to the user, by virtue of the provisions of these terms and conditions, any exploitation rights over them beyond what is strictly necessary for the correct use of the Web.<\/p><h2>VIII. USER OBLIGATIONS<\/h2><div class=\"group w-full text-gray-800 dark:text-gray-100 border-b border-black\/10 dark:border-gray-900\/50 bg-gray-50 dark:bg-[#444654]\"><div class=\"text-base gap-4 md:gap-6 md:max-w-2xl lg:max-w-2xl xl:max-w-3xl p-4 md:py-6 flex lg:px-0 m-auto\"><div class=\"relative flex w-[calc(100%-50px)] flex-col gap-1 md:gap-3 lg:w-[calc(100%-115px)]\"><div class=\"flex flex-grow flex-col gap-3\"><div class=\"min-h-[20px] flex flex-col items-start gap-4 whitespace-pre-wrap\"><div class=\"markdown prose w-full break-words dark:prose-invert light\"><p>The user undertakes to use the Web and the products acquired in a lawful manner, respecting at all times the rules of intellectual property and other applicable regulations. Likewise, it undertakes to provide truthful and complete information during the purchase process.<\/p><h2>IX. LIMITATION OF LIABILITY<\/h2><p>The Company will not be responsible in case of delays or incidents in the delivery of virtual products due to causes beyond its control, such as technical failures in the payment platform or in the email provided by the user. In any case, the Company undertakes to solve the problems as soon as possible.<\/p><\/div><h2>X. MODIFICATIONS TO THE TERMS AND CONDITIONS<\/h2><div class=\"markdown prose w-full break-words dark:prose-invert light\"><p>The Company reserves the right to modify these terms and conditions at any time and without prior notice. The modifications made will be effective from the moment of their publication on the Web.<\/p><h2>XI. APPLICABLE LAW AND JURISDICTION<\/h2><p>These terms and conditions will be governed and interpreted in accordance with Spanish law. In case of dispute, the parties will submit to the Courts and Tribunals of Murcia, waiving any other jurisdiction that may correspond to them.<\/p><\/div><\/div><\/div><div class=\"flex justify-between\"><div class=\"text-gray-400 flex self-end lg:self-center justify-center mt-2 gap-3 md:gap-4 lg:gap-1 lg:absolute lg:top-0 lg:translate-x-full lg:right-0 lg:mt-0 lg:pl-2 visible\">\u00a0<\/div><\/div><\/div><\/div><\/div>\t\t\t\t\t\t\t\t<\/div>\n\t\t\t\t<\/div>\n\t\t\t\t\t<\/div>\n\t\t<\/div>\n\t\t\t\t\t<\/div>\n\t\t<\/section>\n\t\t\t\t<\/div>","protected":false},"excerpt":{"rendered":"<p>T\u00c9RMINOS Y CONDICIONES I. OBJETO Los presentes t\u00e9rminos y condiciones tienen por objeto regular la relaci\u00f3n entre Soluciones Agromarketing SL con CIF B73907842 y domicilio en C\/ Jos\u00e9 Mar\u00edn Camacho, 20, 30530, Cieza, Murcia, en adelante la \u00abEmpresa\u00bb, y los usuarios que adquieran productos virtuales a trav\u00e9s de la p\u00e1gina web www.microbioma.es, en adelante la [&hellip;]<\/p>","protected":false},"author":3,"featured_media":0,"parent":0,"menu_order":0,"comment_status":"closed","ping_status":"closed","template":"elementor_header_footer","meta":{"inline_featured_image":false,"footnotes":""},"class_list":["post-937","page","type-page","status-publish","hentry"],"_links":{"self":[{"href":"https:\/\/microbioma.es\/en\/wp-json\/wp\/v2\/pages\/937","targetHints":{"allow":["GET"]}}],"collection":[{"href":"https:\/\/microbioma.es\/en\/wp-json\/wp\/v2\/pages"}],"about":[{"href":"https:\/\/microbioma.es\/en\/wp-json\/wp\/v2\/types\/page"}],"author":[{"embeddable":true,"href":"https:\/\/microbioma.es\/en\/wp-json\/wp\/v2\/users\/3"}],"replies":[{"embeddable":true,"href":"https:\/\/microbioma.es\/en\/wp-json\/wp\/v2\/comments?post=937"}],"version-history":[{"count":0,"href":"https:\/\/microbioma.es\/en\/wp-json\/wp\/v2\/pages\/937\/revisions"}],"wp:attachment":[{"href":"https:\/\/microbioma.es\/en\/wp-json\/wp\/v2\/media?parent=937"}],"curies":[{"name":"wp","href":"https:\/\/api.w.org\/{rel}","templated":true}]}}