{"id":9261,"date":"2021-03-10T13:33:51","date_gmt":"2021-03-10T12:33:51","guid":{"rendered":"https:\/\/microbioma.es\/?page_id=9261"},"modified":"2021-03-10T13:37:07","modified_gmt":"2021-03-10T12:37:07","slug":"politica-de-cookies","status":"publish","type":"page","link":"https:\/\/microbioma.es\/en\/politica-de-cookies\/","title":{"rendered":"Cookies policy"},"content":{"rendered":"<div data-elementor-type=\"wp-page\" data-elementor-id=\"9261\" class=\"elementor elementor-9261\" data-elementor-post-type=\"page\">\n\t\t\t\t\t\t<section data-particle_enable=\"false\" data-particle-mobile-disabled=\"false\" class=\"elementor-section elementor-top-section elementor-element elementor-element-5923512 elementor-section-boxed elementor-section-height-default elementor-section-height-default\" data-id=\"5923512\" data-element_type=\"section\">\n\t\t\t\t\t\t<div class=\"elementor-container elementor-column-gap-default\">\n\t\t\t\t\t<div class=\"elementor-column elementor-col-100 elementor-top-column elementor-element elementor-element-6afe316\" data-id=\"6afe316\" data-element_type=\"column\" data-settings=\"{&quot;background_background&quot;:&quot;classic&quot;}\">\n\t\t\t<div class=\"elementor-widget-wrap elementor-element-populated\">\n\t\t\t\t\t\t<div class=\"elementor-element elementor-element-e1b015a elementor-widget elementor-widget-text-editor\" data-id=\"e1b015a\" data-element_type=\"widget\" data-widget_type=\"text-editor.default\">\n\t\t\t\t<div class=\"elementor-widget-container\">\n\t\t\t\t\t\t\t\t\t<h1>COOKIES POLICY<\/h1><h3>COOKIE DEFINITION<\/h3><p>Cookies are identifiers that we send to your computer&#039;s hard drive through your Web browser so that our systems can recognize your browser and offer you certain services.<\/p><p>This page uses different types of cookies. Some cookies are placed by third party services that appear on our pages.<\/p><p>Below we indicate the cookies used by the page agromarketing.es<\/p><h2>USED COOKIES<\/h2><h3>Necessary cookies<\/h3><p>Necessary cookies help make a website usable by enabling basic functions such as page navigation and access to secure areas of the website. The website cannot function properly without these cookies.<\/p><table width=\"97%\"><tbody><tr><td width=\"14%\"><p><strong>Name<\/strong><\/p><\/td><td width=\"23%\"><p><strong>Supplier<\/strong><\/p><\/td><td width=\"24%\"><p><strong>Purpose<\/strong><\/p><\/td><td width=\"37%\"><p><strong>Expiration<\/strong><\/p><\/td><\/tr><tr><td width=\"14%\"><p>cookie-agreed<\/p><\/td><td width=\"23%\">\u00a0<\/td><td width=\"24%\"><p>Know if, for example, the user has accepted the cookie warning.<\/p><\/td><td width=\"37%\"><p>3 months<\/p><\/td><\/tr><tr><td width=\"14%\">\u00a0<\/td><td width=\"23%\">\u00a0<\/td><td width=\"24%\">\u00a0<\/td><td width=\"37%\">\u00a0<\/td><\/tr><tr><td width=\"14%\">\u00a0<\/td><td width=\"23%\">\u00a0<\/td><td width=\"24%\">\u00a0<\/td><td width=\"37%\">\u00a0<\/td><\/tr><tr><td width=\"14%\">\u00a0<\/td><td width=\"23%\">\u00a0<\/td><td width=\"24%\">\u00a0<\/td><td width=\"37%\">\u00a0<\/td><\/tr><\/tbody><\/table><h3>preference cookies<\/h3><p>Preference cookies allow a website to remember information that changes the way the page behaves or looks, such as your preferred language or the region you are in.<\/p><table width=\"97%\"><tbody><tr><td width=\"14%\"><p><strong>Name<\/strong><\/p><\/td><td width=\"23%\"><p><strong>Supplier<\/strong><\/p><\/td><td width=\"24%\"><p><strong>Purpose<\/strong><\/p><\/td><td width=\"37%\"><p><strong>Expiration<\/strong><\/p><\/td><\/tr><tr><td width=\"14%\">\u00a0<\/td><td width=\"23%\">\u00a0<\/td><td width=\"24%\">\u00a0<\/td><td width=\"37%\">\u00a0<\/td><\/tr><tr><td width=\"14%\">\u00a0<\/td><td width=\"23%\">\u00a0<\/td><td width=\"24%\">\u00a0<\/td><td width=\"37%\">\u00a0<\/td><\/tr><\/tbody><\/table><h3>Statistics cookies<\/h3><p>Statistical cookies help web page owners understand how visitors interact with web pages by collecting and providing information anonymously.<\/p><table width=\"97%\"><tbody><tr><td width=\"14%\"><p><strong>Name<\/strong><\/p><\/td><td width=\"23%\"><p><strong>Supplier<\/strong><\/p><\/td><td width=\"24%\"><p><strong>Purpose<\/strong><\/p><\/td><td width=\"37%\"><p><strong>Expiration<\/strong><\/p><\/td><\/tr><tr><td width=\"14%\"><p>_ga<\/p><\/td><td width=\"23%\">\u00a0<\/td><td width=\"24%\"><p>Registers a unique ID that is used to generate statistical data about how the visitor uses the website<\/p><\/td><td width=\"37%\"><p>2 years<\/p><\/td><\/tr><tr><td width=\"14%\"><p>_gid<\/p><\/td><td width=\"23%\">\u00a0<\/td><td width=\"24%\"><p>Registers a unique ID that is used to generate statistical data about how the visitor uses the website.<\/p><\/td><td width=\"37%\"><p>1 day<\/p><\/td><\/tr><tr><td width=\"14%\"><p>_gat<\/p><\/td><td width=\"23%\">\u00a0<\/td><td width=\"24%\"><p>Used to limit the percentage of requests<\/p><\/td><td width=\"37%\"><p>session cookie<\/p><\/td><\/tr><\/tbody><\/table><h3>Marketing cookies<\/h3><p>Marketing cookies are used to track visitors across web pages. The intent is to display ads that are relevant and engaging to the individual user, and therefore more valuable to publishers and third-party advertisers.<\/p><table width=\"97%\"><tbody><tr><td width=\"14%\"><p><strong>Name<\/strong><\/p><\/td><td width=\"23%\"><p><strong>Supplier<\/strong><\/p><\/td><td width=\"24%\"><p><strong>Purpose<\/strong><\/p><\/td><td width=\"37%\"><p><strong>Expiration<\/strong><\/p><\/td><\/tr><tr><td width=\"14%\"><p><strong>\u00a0<\/strong><\/p><\/td><td width=\"23%\"><p><strong>\u00a0<\/strong><\/p><\/td><td width=\"24%\"><p><strong>\u00a0<\/strong><\/p><\/td><td width=\"37%\"><p><strong>\u00a0<\/strong><\/p><\/td><\/tr><tr><td width=\"14%\"><p><strong>\u00a0<\/strong><\/p><\/td><td width=\"23%\"><p><strong>\u00a0<\/strong><\/p><\/td><td width=\"24%\"><p><strong>\u00a0<\/strong><\/p><\/td><td width=\"37%\"><p><strong>\u00a0<\/strong><\/p><\/td><\/tr><tr><td width=\"14%\"><p><strong>\u00a0<\/strong><\/p><\/td><td width=\"23%\"><p><strong>\u00a0<\/strong><\/p><\/td><td width=\"24%\"><p><strong>\u00a0<\/strong><\/p><\/td><td width=\"37%\"><p><strong>\u00a0<\/strong><\/p><\/td><\/tr><\/tbody><\/table><h2>How to disable Cookies in the main browsers:<\/h2><p>It is usually possible to stop accepting browser Cookies, or stop accepting Cookies from a particular Service.<\/p><p>All modern browsers allow you to change Cookie settings. These settings are usually found in the &#039;options&#039; or &#039;Preferences&#039; menu of your browser. Likewise, you can configure your browser or your email manager.<\/p><p>Below is guidance for the User on the steps to access the cookie configuration menu and, where appropriate, private browsing in each of the main browsers:<\/p><p><strong>Internet Explorer:<\/strong>\u00a0Tools -&gt; Internet Options -&gt; Privacy -&gt; Settings. For more information, you can consult the\u00a0<a href=\"http:\/\/windows.microsoft.com\/es-ES\/windows\/support\" target=\"_blank\" rel=\"noopener\">microsoft support<\/a>\u00a0or the browser&#039;s Help.<\/p><p><strong>firefox:<\/strong>\u00a0Tools -&gt; Options -&gt; Privacy -&gt; History -&gt; Custom Settings. For more information, you can consult the\u00a0<a href=\"http:\/\/support.mozilla.org\/es\/home\" target=\"_blank\" rel=\"noopener\">mozilla support<\/a>\u00a0or the browser&#039;s Help.<\/p><p><strong>Chrome:<\/strong>\u00a0Settings -&gt; Show advanced options -&gt; Privacy -&gt; Content settings. For more information, you can consult the\u00a0<a href=\"http:\/\/support.google.com\/chrome\/?hl=es\" target=\"_blank\" rel=\"noopener\">google support<\/a>\u00a0or the browser&#039;s Help.<\/p><p><strong>Safari:<\/strong>\u00a0Preferences -&gt; Security. For more information, you can consult the\u00a0<a href=\"http:\/\/www.apple.com\/es\/support\/safari\/\" target=\"_blank\" rel=\"noopener\">apple support<\/a>\u00a0or the browser&#039;s Help.<\/p><p><strong>What happens if Cookies are disabled?<\/strong><\/p><p>Some features of the Services will be disabled, such as remaining identified, keeping purchases in the &quot;shopping cart&quot;, etc.<\/p>\t\t\t\t\t\t\t\t<\/div>\n\t\t\t\t<\/div>\n\t\t\t\t\t<\/div>\n\t\t<\/div>\n\t\t\t\t\t<\/div>\n\t\t<\/section>\n\t\t\t\t<\/div>","protected":false},"excerpt":{"rendered":"<p>POL\u00cdTICA DE COOKIES DEFINICI\u00d3N DE COOKIES Las cookies son identificadores que enviamos al disco duro de su ordenador a trav\u00e9s de su navegador Web con el fin de que nuestros sistemas puedan reconocer su navegador y ofrecerle ciertos servicios. Esta p\u00e1gina utiliza tipos diferentes de cookies. Algunas cookies son colocadas por servicios de terceros que [&hellip;]<\/p>","protected":false},"author":3,"featured_media":0,"parent":0,"menu_order":0,"comment_status":"closed","ping_status":"closed","template":"elementor_header_footer","meta":{"inline_featured_image":false,"footnotes":""},"class_list":["post-9261","page","type-page","status-publish","hentry"],"_links":{"self":[{"href":"https:\/\/microbioma.es\/en\/wp-json\/wp\/v2\/pages\/9261","targetHints":{"allow":["GET"]}}],"collection":[{"href":"https:\/\/microbioma.es\/en\/wp-json\/wp\/v2\/pages"}],"about":[{"href":"https:\/\/microbioma.es\/en\/wp-json\/wp\/v2\/types\/page"}],"author":[{"embeddable":true,"href":"https:\/\/microbioma.es\/en\/wp-json\/wp\/v2\/users\/3"}],"replies":[{"embeddable":true,"href":"https:\/\/microbioma.es\/en\/wp-json\/wp\/v2\/comments?post=9261"}],"version-history":[{"count":0,"href":"https:\/\/microbioma.es\/en\/wp-json\/wp\/v2\/pages\/9261\/revisions"}],"wp:attachment":[{"href":"https:\/\/microbioma.es\/en\/wp-json\/wp\/v2\/media?parent=9261"}],"curies":[{"name":"wp","href":"https:\/\/api.w.org\/{rel}","templated":true}]}}