{"id":3057,"date":"2019-06-04T10:34:15","date_gmt":"2019-06-04T08:34:15","guid":{"rendered":"https:\/\/microbioma.es\/?page_id=3057"},"modified":"2019-06-04T10:37:33","modified_gmt":"2019-06-04T08:37:33","slug":"teresa-hernandez","status":"publish","type":"page","link":"https:\/\/microbioma.es\/en\/teresa-hernandez\/","title":{"rendered":"Teresa Hern\u00e1ndez"},"content":{"rendered":"<div data-elementor-type=\"wp-post\" data-elementor-id=\"3057\" class=\"elementor elementor-3057\" data-elementor-post-type=\"page\">\n\t\t\t\t\t\t<section data-particle_enable=\"false\" data-particle-mobile-disabled=\"false\" class=\"elementor-section elementor-top-section elementor-element elementor-element-246dacb elementor-section-boxed elementor-section-height-default elementor-section-height-default\" data-id=\"246dacb\" data-element_type=\"section\" data-settings=\"{&quot;background_background&quot;:&quot;classic&quot;}\">\n\t\t\t\t\t\t<div class=\"elementor-container elementor-column-gap-default\">\n\t\t\t\t\t<div class=\"elementor-column elementor-col-100 elementor-top-column elementor-element elementor-element-100f552\" data-id=\"100f552\" data-element_type=\"column\">\n\t\t\t<div class=\"elementor-widget-wrap elementor-element-populated\">\n\t\t\t\t\t\t<div class=\"elementor-element elementor-element-d71b02d elementor-widget elementor-widget-text-editor\" data-id=\"d71b02d\" data-element_type=\"widget\" data-widget_type=\"text-editor.default\">\n\t\t\t\t<div class=\"elementor-widget-container\">\n\t\t\t\t\t\t\t\t\t<h3><strong>PRESENTATION<\/strong><\/h3><p><strong>\u00abPhosphorus in the soil: Its importance and microbial solubilization strategies\u00bb<br \/><\/strong>Ms. Teresa Hernandez. Research professor (CEBAS-CSIC)<\/p>\t\t\t\t\t\t\t\t<\/div>\n\t\t\t\t<\/div>\n\t\t\t\t<div class=\"elementor-element elementor-element-752c621 elementor-widget elementor-widget-image-gallery\" data-id=\"752c621\" data-element_type=\"widget\" data-widget_type=\"image-gallery.default\">\n\t\t\t\t<div class=\"elementor-widget-container\">\n\t\t\t\t\t\t\t<div class=\"elementor-image-gallery\">\n\t\t\t<div id='gallery-1' class='gallery galleryid-3057 gallery-columns-4 gallery-size-full'><figure class='gallery-item'>\n\t\t\t<div class='gallery-icon landscape'>\n\t\t\t\t<a data-elementor-open-lightbox=\"yes\" data-elementor-lightbox-slideshow=\"752c621\" data-elementor-lightbox-title=\"Teresa-Hern\u00e1ndez-01\" data-e-action-hash=\"#elementor-action%3Aaction%3Dlightbox%26settings%3DeyJpZCI6MzA3MSwidXJsIjoiaHR0cHM6XC9cL21pY3JvYmlvbWEuZXNcL3dwLWNvbnRlbnRcL3VwbG9hZHNcLzIwMTlcLzA2XC9UZXJlc2EtSGVyblx1MDBlMW5kZXotMDEuanBnIiwic2xpZGVzaG93IjoiNzUyYzYyMSJ9\" href='https:\/\/microbioma.es\/wp-content\/uploads\/2019\/06\/Teresa-Hern\u00e1ndez-01.jpg'><img fetchpriority=\"high\" decoding=\"async\" width=\"1500\" height=\"1000\" src=\"https:\/\/microbioma.es\/wp-content\/uploads\/2019\/06\/Teresa-Hern\u00e1ndez-01.jpg\" class=\"attachment-full size-full\" alt=\"\" srcset=\"https:\/\/microbioma.es\/wp-content\/uploads\/2019\/06\/Teresa-Hern\u00e1ndez-01.jpg 1500w, https:\/\/microbioma.es\/wp-content\/uploads\/2019\/06\/Teresa-Hern\u00e1ndez-01-600x400.jpg 600w, https:\/\/microbioma.es\/wp-content\/uploads\/2019\/06\/Teresa-Hern\u00e1ndez-01-300x200.jpg 300w, https:\/\/microbioma.es\/wp-content\/uploads\/2019\/06\/Teresa-Hern\u00e1ndez-01-768x512.jpg 768w, https:\/\/microbioma.es\/wp-content\/uploads\/2019\/06\/Teresa-Hern\u00e1ndez-01-1024x683.jpg 1024w\" sizes=\"(max-width: 1500px) 100vw, 1500px\" \/><\/a>\n\t\t\t<\/div><\/figure><figure class='gallery-item'>\n\t\t\t<div class='gallery-icon landscape'>\n\t\t\t\t<a data-elementor-open-lightbox=\"yes\" data-elementor-lightbox-slideshow=\"752c621\" data-elementor-lightbox-title=\"Teresa-Hern\u00e1ndez-02\" data-e-action-hash=\"#elementor-action%3Aaction%3Dlightbox%26settings%3DeyJpZCI6MzA3MywidXJsIjoiaHR0cHM6XC9cL21pY3JvYmlvbWEuZXNcL3dwLWNvbnRlbnRcL3VwbG9hZHNcLzIwMTlcLzA2XC9UZXJlc2EtSGVyblx1MDBlMW5kZXotMDIuanBnIiwic2xpZGVzaG93IjoiNzUyYzYyMSJ9\" href='https:\/\/microbioma.es\/wp-content\/uploads\/2019\/06\/Teresa-Hern\u00e1ndez-02.jpg'><img decoding=\"async\" width=\"1500\" height=\"1000\" src=\"https:\/\/microbioma.es\/wp-content\/uploads\/2019\/06\/Teresa-Hern\u00e1ndez-02.jpg\" class=\"attachment-full size-full\" alt=\"\" srcset=\"https:\/\/microbioma.es\/wp-content\/uploads\/2019\/06\/Teresa-Hern\u00e1ndez-02.jpg 1500w, https:\/\/microbioma.es\/wp-content\/uploads\/2019\/06\/Teresa-Hern\u00e1ndez-02-600x400.jpg 600w, https:\/\/microbioma.es\/wp-content\/uploads\/2019\/06\/Teresa-Hern\u00e1ndez-02-300x200.jpg 300w, https:\/\/microbioma.es\/wp-content\/uploads\/2019\/06\/Teresa-Hern\u00e1ndez-02-768x512.jpg 768w, https:\/\/microbioma.es\/wp-content\/uploads\/2019\/06\/Teresa-Hern\u00e1ndez-02-1024x683.jpg 1024w\" sizes=\"(max-width: 1500px) 100vw, 1500px\" \/><\/a>\n\t\t\t<\/div><\/figure><figure class='gallery-item'>\n\t\t\t<div class='gallery-icon landscape'>\n\t\t\t\t<a data-elementor-open-lightbox=\"yes\" data-elementor-lightbox-slideshow=\"752c621\" data-elementor-lightbox-title=\"Teresa-Hern\u00e1ndez-03\" data-e-action-hash=\"#elementor-action%3Aaction%3Dlightbox%26settings%3DeyJpZCI6MzA3NSwidXJsIjoiaHR0cHM6XC9cL21pY3JvYmlvbWEuZXNcL3dwLWNvbnRlbnRcL3VwbG9hZHNcLzIwMTlcLzA2XC9UZXJlc2EtSGVyblx1MDBlMW5kZXotMDMuanBnIiwic2xpZGVzaG93IjoiNzUyYzYyMSJ9\" href='https:\/\/microbioma.es\/wp-content\/uploads\/2019\/06\/Teresa-Hern\u00e1ndez-03.jpg'><img decoding=\"async\" width=\"1500\" height=\"1000\" src=\"https:\/\/microbioma.es\/wp-content\/uploads\/2019\/06\/Teresa-Hern\u00e1ndez-03.jpg\" class=\"attachment-full size-full\" alt=\"\" srcset=\"https:\/\/microbioma.es\/wp-content\/uploads\/2019\/06\/Teresa-Hern\u00e1ndez-03.jpg 1500w, https:\/\/microbioma.es\/wp-content\/uploads\/2019\/06\/Teresa-Hern\u00e1ndez-03-600x400.jpg 600w, https:\/\/microbioma.es\/wp-content\/uploads\/2019\/06\/Teresa-Hern\u00e1ndez-03-300x200.jpg 300w, https:\/\/microbioma.es\/wp-content\/uploads\/2019\/06\/Teresa-Hern\u00e1ndez-03-768x512.jpg 768w, https:\/\/microbioma.es\/wp-content\/uploads\/2019\/06\/Teresa-Hern\u00e1ndez-03-1024x683.jpg 1024w\" sizes=\"(max-width: 1500px) 100vw, 1500px\" \/><\/a>\n\t\t\t<\/div><\/figure><figure class='gallery-item'>\n\t\t\t<div class='gallery-icon landscape'>\n\t\t\t\t<a data-elementor-open-lightbox=\"yes\" data-elementor-lightbox-slideshow=\"752c621\" data-elementor-lightbox-title=\"Teresa-Hern\u00e1ndez-04\" data-e-action-hash=\"#elementor-action%3Aaction%3Dlightbox%26settings%3DeyJpZCI6MzA3NywidXJsIjoiaHR0cHM6XC9cL21pY3JvYmlvbWEuZXNcL3dwLWNvbnRlbnRcL3VwbG9hZHNcLzIwMTlcLzA2XC9UZXJlc2EtSGVyblx1MDBlMW5kZXotMDQuanBnIiwic2xpZGVzaG93IjoiNzUyYzYyMSJ9\" href='https:\/\/microbioma.es\/wp-content\/uploads\/2019\/06\/Teresa-Hern\u00e1ndez-04.jpg'><img loading=\"lazy\" decoding=\"async\" width=\"1500\" height=\"1000\" src=\"https:\/\/microbioma.es\/wp-content\/uploads\/2019\/06\/Teresa-Hern\u00e1ndez-04.jpg\" class=\"attachment-full size-full\" alt=\"\" srcset=\"https:\/\/microbioma.es\/wp-content\/uploads\/2019\/06\/Teresa-Hern\u00e1ndez-04.jpg 1500w, https:\/\/microbioma.es\/wp-content\/uploads\/2019\/06\/Teresa-Hern\u00e1ndez-04-600x400.jpg 600w, https:\/\/microbioma.es\/wp-content\/uploads\/2019\/06\/Teresa-Hern\u00e1ndez-04-300x200.jpg 300w, https:\/\/microbioma.es\/wp-content\/uploads\/2019\/06\/Teresa-Hern\u00e1ndez-04-768x512.jpg 768w, https:\/\/microbioma.es\/wp-content\/uploads\/2019\/06\/Teresa-Hern\u00e1ndez-04-1024x683.jpg 1024w\" sizes=\"(max-width: 1500px) 100vw, 1500px\" \/><\/a>\n\t\t\t<\/div><\/figure><figure class='gallery-item'>\n\t\t\t<div class='gallery-icon landscape'>\n\t\t\t\t<a data-elementor-open-lightbox=\"yes\" data-elementor-lightbox-slideshow=\"752c621\" data-elementor-lightbox-title=\"Teresa-Hern\u00e1ndez-05\" data-e-action-hash=\"#elementor-action%3Aaction%3Dlightbox%26settings%3DeyJpZCI6MzA3OSwidXJsIjoiaHR0cHM6XC9cL21pY3JvYmlvbWEuZXNcL3dwLWNvbnRlbnRcL3VwbG9hZHNcLzIwMTlcLzA2XC9UZXJlc2EtSGVyblx1MDBlMW5kZXotMDUuanBnIiwic2xpZGVzaG93IjoiNzUyYzYyMSJ9\" href='https:\/\/microbioma.es\/wp-content\/uploads\/2019\/06\/Teresa-Hern\u00e1ndez-05.jpg'><img loading=\"lazy\" decoding=\"async\" width=\"1500\" height=\"1000\" src=\"https:\/\/microbioma.es\/wp-content\/uploads\/2019\/06\/Teresa-Hern\u00e1ndez-05.jpg\" class=\"attachment-full size-full\" alt=\"\" srcset=\"https:\/\/microbioma.es\/wp-content\/uploads\/2019\/06\/Teresa-Hern\u00e1ndez-05.jpg 1500w, https:\/\/microbioma.es\/wp-content\/uploads\/2019\/06\/Teresa-Hern\u00e1ndez-05-600x400.jpg 600w, https:\/\/microbioma.es\/wp-content\/uploads\/2019\/06\/Teresa-Hern\u00e1ndez-05-300x200.jpg 300w, https:\/\/microbioma.es\/wp-content\/uploads\/2019\/06\/Teresa-Hern\u00e1ndez-05-768x512.jpg 768w, https:\/\/microbioma.es\/wp-content\/uploads\/2019\/06\/Teresa-Hern\u00e1ndez-05-1024x683.jpg 1024w\" sizes=\"(max-width: 1500px) 100vw, 1500px\" \/><\/a>\n\t\t\t<\/div><\/figure><figure class='gallery-item'>\n\t\t\t<div class='gallery-icon landscape'>\n\t\t\t\t<a data-elementor-open-lightbox=\"yes\" data-elementor-lightbox-slideshow=\"752c621\" data-elementor-lightbox-title=\"Teresa-Hern\u00e1ndez-06\" data-e-action-hash=\"#elementor-action%3Aaction%3Dlightbox%26settings%3DeyJpZCI6MzA4MSwidXJsIjoiaHR0cHM6XC9cL21pY3JvYmlvbWEuZXNcL3dwLWNvbnRlbnRcL3VwbG9hZHNcLzIwMTlcLzA2XC9UZXJlc2EtSGVyblx1MDBlMW5kZXotMDYuanBnIiwic2xpZGVzaG93IjoiNzUyYzYyMSJ9\" href='https:\/\/microbioma.es\/wp-content\/uploads\/2019\/06\/Teresa-Hern\u00e1ndez-06.jpg'><img loading=\"lazy\" decoding=\"async\" width=\"1500\" height=\"1000\" src=\"https:\/\/microbioma.es\/wp-content\/uploads\/2019\/06\/Teresa-Hern\u00e1ndez-06.jpg\" class=\"attachment-full size-full\" alt=\"\" srcset=\"https:\/\/microbioma.es\/wp-content\/uploads\/2019\/06\/Teresa-Hern\u00e1ndez-06.jpg 1500w, https:\/\/microbioma.es\/wp-content\/uploads\/2019\/06\/Teresa-Hern\u00e1ndez-06-600x400.jpg 600w, https:\/\/microbioma.es\/wp-content\/uploads\/2019\/06\/Teresa-Hern\u00e1ndez-06-300x200.jpg 300w, https:\/\/microbioma.es\/wp-content\/uploads\/2019\/06\/Teresa-Hern\u00e1ndez-06-768x512.jpg 768w, https:\/\/microbioma.es\/wp-content\/uploads\/2019\/06\/Teresa-Hern\u00e1ndez-06-1024x683.jpg 1024w\" sizes=\"(max-width: 1500px) 100vw, 1500px\" \/><\/a>\n\t\t\t<\/div><\/figure><figure class='gallery-item'>\n\t\t\t<div class='gallery-icon landscape'>\n\t\t\t\t<a data-elementor-open-lightbox=\"yes\" data-elementor-lightbox-slideshow=\"752c621\" data-elementor-lightbox-title=\"Teresa-Hern\u00e1ndez-07\" data-e-action-hash=\"#elementor-action%3Aaction%3Dlightbox%26settings%3DeyJpZCI6MzA4MywidXJsIjoiaHR0cHM6XC9cL21pY3JvYmlvbWEuZXNcL3dwLWNvbnRlbnRcL3VwbG9hZHNcLzIwMTlcLzA2XC9UZXJlc2EtSGVyblx1MDBlMW5kZXotMDcuanBnIiwic2xpZGVzaG93IjoiNzUyYzYyMSJ9\" href='https:\/\/microbioma.es\/wp-content\/uploads\/2019\/06\/Teresa-Hern\u00e1ndez-07.jpg'><img loading=\"lazy\" decoding=\"async\" width=\"1500\" height=\"1000\" src=\"https:\/\/microbioma.es\/wp-content\/uploads\/2019\/06\/Teresa-Hern\u00e1ndez-07.jpg\" class=\"attachment-full size-full\" alt=\"\" srcset=\"https:\/\/microbioma.es\/wp-content\/uploads\/2019\/06\/Teresa-Hern\u00e1ndez-07.jpg 1500w, https:\/\/microbioma.es\/wp-content\/uploads\/2019\/06\/Teresa-Hern\u00e1ndez-07-600x400.jpg 600w, https:\/\/microbioma.es\/wp-content\/uploads\/2019\/06\/Teresa-Hern\u00e1ndez-07-300x200.jpg 300w, https:\/\/microbioma.es\/wp-content\/uploads\/2019\/06\/Teresa-Hern\u00e1ndez-07-768x512.jpg 768w, https:\/\/microbioma.es\/wp-content\/uploads\/2019\/06\/Teresa-Hern\u00e1ndez-07-1024x683.jpg 1024w\" sizes=\"(max-width: 1500px) 100vw, 1500px\" \/><\/a>\n\t\t\t<\/div><\/figure><figure class='gallery-item'>\n\t\t\t<div class='gallery-icon landscape'>\n\t\t\t\t<a data-elementor-open-lightbox=\"yes\" data-elementor-lightbox-slideshow=\"752c621\" data-elementor-lightbox-title=\"Teresa-Hern\u00e1ndez-08\" data-e-action-hash=\"#elementor-action%3Aaction%3Dlightbox%26settings%3DeyJpZCI6MzA4NSwidXJsIjoiaHR0cHM6XC9cL21pY3JvYmlvbWEuZXNcL3dwLWNvbnRlbnRcL3VwbG9hZHNcLzIwMTlcLzA2XC9UZXJlc2EtSGVyblx1MDBlMW5kZXotMDguanBnIiwic2xpZGVzaG93IjoiNzUyYzYyMSJ9\" href='https:\/\/microbioma.es\/wp-content\/uploads\/2019\/06\/Teresa-Hern\u00e1ndez-08.jpg'><img loading=\"lazy\" decoding=\"async\" width=\"1500\" height=\"1000\" src=\"https:\/\/microbioma.es\/wp-content\/uploads\/2019\/06\/Teresa-Hern\u00e1ndez-08.jpg\" class=\"attachment-full size-full\" alt=\"\" srcset=\"https:\/\/microbioma.es\/wp-content\/uploads\/2019\/06\/Teresa-Hern\u00e1ndez-08.jpg 1500w, https:\/\/microbioma.es\/wp-content\/uploads\/2019\/06\/Teresa-Hern\u00e1ndez-08-600x400.jpg 600w, https:\/\/microbioma.es\/wp-content\/uploads\/2019\/06\/Teresa-Hern\u00e1ndez-08-300x200.jpg 300w, https:\/\/microbioma.es\/wp-content\/uploads\/2019\/06\/Teresa-Hern\u00e1ndez-08-768x512.jpg 768w, https:\/\/microbioma.es\/wp-content\/uploads\/2019\/06\/Teresa-Hern\u00e1ndez-08-1024x683.jpg 1024w\" sizes=\"(max-width: 1500px) 100vw, 1500px\" \/><\/a>\n\t\t\t<\/div><\/figure>\n\t\t<\/div>\n\t\t<\/div>\n\t\t\t\t\t\t<\/div>\n\t\t\t\t<\/div>\n\t\t\t\t\t<\/div>\n\t\t<\/div>\n\t\t\t\t\t<\/div>\n\t\t<\/section>\n\t\t\t\t<\/div>","protected":false},"excerpt":{"rendered":"<p>Teresa Hern\u00e1ndez PONENCIA \u00abEl f\u00f3sforo en el suelo: Su importancia y estrategias microbianas de solubilizaci\u00f3n\u00bbD\u00f1a. Teresa Hern\u00e1ndez. Profesora de investigaci\u00f3n (CEBAS-CSIC)<\/p>","protected":false},"author":3,"featured_media":0,"parent":0,"menu_order":0,"comment_status":"closed","ping_status":"closed","template":"elementor_header_footer","meta":{"inline_featured_image":false,"footnotes":""},"class_list":["post-3057","page","type-page","status-publish","hentry"],"_links":{"self":[{"href":"https:\/\/microbioma.es\/en\/wp-json\/wp\/v2\/pages\/3057","targetHints":{"allow":["GET"]}}],"collection":[{"href":"https:\/\/microbioma.es\/en\/wp-json\/wp\/v2\/pages"}],"about":[{"href":"https:\/\/microbioma.es\/en\/wp-json\/wp\/v2\/types\/page"}],"author":[{"embeddable":true,"href":"https:\/\/microbioma.es\/en\/wp-json\/wp\/v2\/users\/3"}],"replies":[{"embeddable":true,"href":"https:\/\/microbioma.es\/en\/wp-json\/wp\/v2\/comments?post=3057"}],"version-history":[{"count":0,"href":"https:\/\/microbioma.es\/en\/wp-json\/wp\/v2\/pages\/3057\/revisions"}],"wp:attachment":[{"href":"https:\/\/microbioma.es\/en\/wp-json\/wp\/v2\/media?parent=3057"}],"curies":[{"name":"wp","href":"https:\/\/api.w.org\/{rel}","templated":true}]}}