{"id":2399,"date":"2019-05-27T10:22:13","date_gmt":"2019-05-27T08:22:13","guid":{"rendered":"https:\/\/microbioma.es\/questions-block-2\/"},"modified":"2019-05-27T10:22:14","modified_gmt":"2019-05-27T08:22:14","slug":"questions-block-2","status":"publish","type":"page","link":"https:\/\/microbioma.es\/en\/questions-block-2\/","title":{"rendered":"Questions Block 2"},"content":{"rendered":"<div data-elementor-type=\"wp-post\" data-elementor-id=\"2399\" class=\"elementor elementor-2399\" data-elementor-post-type=\"page\">\n\t\t\t\t\t\t<section data-particle_enable=\"false\" data-particle-mobile-disabled=\"false\" class=\"elementor-section elementor-top-section elementor-element elementor-element-711be30 elementor-section-boxed elementor-section-height-default elementor-section-height-default\" data-id=\"711be30\" data-element_type=\"section\" data-settings=\"{&quot;background_background&quot;:&quot;classic&quot;}\">\n\t\t\t\t\t\t<div class=\"elementor-container elementor-column-gap-default\">\n\t\t\t\t\t<div class=\"elementor-column elementor-col-100 elementor-top-column elementor-element elementor-element-9a0eedc\" data-id=\"9a0eedc\" data-element_type=\"column\">\n\t\t\t<div class=\"elementor-widget-wrap elementor-element-populated\">\n\t\t\t\t\t\t<div class=\"elementor-element elementor-element-07453a0 elementor-widget elementor-widget-heading\" data-id=\"07453a0\" data-element_type=\"widget\" data-widget_type=\"heading.default\">\n\t\t\t\t<div class=\"elementor-widget-container\">\n\t\t\t\t\t<h3 class=\"elementor-heading-title elementor-size-default\">Select the speaker to ask the question<\/h3>\t\t\t\t<\/div>\n\t\t\t\t<\/div>\n\t\t\t\t<div class=\"elementor-element elementor-element-106b811 elementor-widget elementor-widget-shortcode\" data-id=\"106b811\" data-element_type=\"widget\" data-widget_type=\"shortcode.default\">\n\t\t\t\t<div class=\"elementor-widget-container\">\n\t\t\t\t\t\t\t<div class=\"elementor-shortcode\"><script type=\"text\/javascript\">var gform;gform||(document.addEventListener(\"gform_main_scripts_loaded\",function(){gform.scriptsLoaded=!0}),window.addEventListener(\"DOMContentLoaded\",function(){gform.domLoaded=!0}),gform={domLoaded:!1,scriptsLoaded:!1,initializeOnLoaded:function(o){gform.domLoaded&&gform.scriptsLoaded?o():!gform.domLoaded&&gform.scriptsLoaded?window.addEventListener(\"DOMContentLoaded\",o):document.addEventListener(\"gform_main_scripts_loaded\",o)},hooks:{action:{},filter:{}},addAction:function(o,n,r,t){gform.addHook(\"action\",o,n,r,t)},addFilter:function(o,n,r,t){gform.addHook(\"filter\",o,n,r,t)},doAction:function(o){gform.doHook(\"action\",o,arguments)},applyFilters:function(o){return gform.doHook(\"filter\",o,arguments)},removeAction:function(o,n){gform.removeHook(\"action\",o,n)},removeFilter:function(o,n,r){gform.removeHook(\"filter\",o,n,r)},addHook:function(o,n,r,t,i){null==gform.hooks[o][n]&&(gform.hooks[o][n]=[]);var e=gform.hooks[o][n];null==i&&(i=n+\"_\"+e.length),gform.hooks[o][n].push({tag:i,callable:r,priority:t=null==t?10:t})},doHook:function(n,o,r){var t;if(r=Array.prototype.slice.call(r,1),null!=gform.hooks[n][o]&&((o=gform.hooks[n][o]).sort(function(o,n){return o.priority-n.priority}),o.forEach(function(o){\"function\"!=typeof(t=o.callable)&&(t=window[t]),\"action\"==n?t.apply(null,r):r[0]=t.apply(null,r)})),\"filter\"==n)return r[0]},removeHook:function(o,n,t,i){var r;null!=gform.hooks[o][n]&&(r=(r=gform.hooks[o][n]).filter(function(o,n,r){return!!(null!=i&&i!=o.tag||null!=t&&t!=o.priority)}),gform.hooks[o][n]=r)}});<\/script>\n                <div class='gf_browser_gecko gform_wrapper gform_legacy_markup_wrapper gform-theme--no-framework' data-form-theme='legacy' data-form-index='0' id='gform_wrapper_5' ><div id='gf_5' class='gform_anchor' tabindex='-1'><\/div><form method='post' enctype='multipart\/form-data' target='gform_ajax_frame_5' id='gform_5'  action='\/en\/wp-json\/wp\/v2\/pages\/2399#gf_5' data-formid='5' novalidate data-trp-original-action=\"\/en\/wp-json\/wp\/v2\/pages\/2399#gf_5\">\n                        <div class='gform-body gform_body'><ul id='gform_fields_5' class='gform_fields top_label form_sublabel_below description_below'><li id=\"field_5_1\"  class=\"gfield gfield--type-radio gfield--type-choice gfield_contains_required field_sublabel_below gfield--no-description field_description_below gfield_visibility_visible\"  data-js-reload=\"field_5_1\"><label class='gfield_label gform-field-label'  >Select Speaker to ask<span class=\"gfield_required\"><span class=\"gfield_required gfield_required_asterisk\">*<\/span><\/span><\/label><div class='ginput_container ginput_container_radio'><ul class='gfield_radio' id='input_5_1'>\n\t\t\t<li class='gchoice gchoice_5_1_0'>\n\t\t\t\t<input name='input_1' type='radio' value='&lt;b&gt;D. Alfredo Lacasa. Doctor Ingeniero Agr\u00f3nomo&lt;\/b&gt;&lt;\/BR&gt;\u00abEfecto de la biosolarizaci\u00f3n sobre la flora f\u00fangica del suelo: cultivo de pimiento en invernadero\u00bb'  id='choice_5_1_0'    \/>\n\t\t\t\t<label for='choice_5_1_0' id='label_5_1_0' class='gform-field-label gform-field-label--type-inline'><b>Mr. Alfredo Lacasa. Doctor Agronomist Engineer<\/b><\/BR>\u00abEffect of biosolarization on the fungal flora of the soil: pepper cultivation in a greenhouse\u00bb<\/label>\n\t\t\t<\/li>\n\t\t\t<li class='gchoice gchoice_5_1_1'>\n\t\t\t\t<input name='input_1' type='radio' value='&lt;b&gt;D. Miguel \u00c1ngel D\u00edez (M\u00e9todos Servicios Agr\u00edcolas)&lt;\/b&gt;&lt;\/BR&gt;\u00abImportancia o experiencia del conocimiento de la microbiota del suelo para la aplicaci\u00f3n de microorganismos en la lucha contra nem\u00e1todos y hongos\u00bb'  id='choice_5_1_1'    \/>\n\t\t\t\t<label for='choice_5_1_1' id='label_5_1_1' class='gform-field-label gform-field-label--type-inline'><b>D. Miguel \u00c1ngel D\u00edez (Agricultural Services Methods)<\/b><\/BR>\u00abImportance or experience of knowledge of the soil microbiota for the application of microorganisms in the fight against nematodes and fungi\u00bb<\/label>\n\t\t\t<\/li>\n\t\t\t<li class='gchoice gchoice_5_1_2'>\n\t\t\t\t<input name='input_1' type='radio' value='&lt;b&gt;D. Francisco J. Calvo. Director de I+D (Koppert Espa\u00f1a)&lt;\/b&gt;&lt;\/BR&gt;\u00abNuevos usos de agentes de control microbiol\u00f3gicos frente a diferentes plagas y enfermedades\u00bb'  id='choice_5_1_2'    \/>\n\t\t\t\t<label for='choice_5_1_2' id='label_5_1_2' class='gform-field-label gform-field-label--type-inline'><b>Mr. Francisco J. Calvo. R&amp;D Director (Koppert Spain)<\/b><\/BR>\u00abNew uses of microbiological control agents against different pests and diseases\u00bb<\/label>\n\t\t\t<\/li>\n\t\t\t<li class='gchoice gchoice_5_1_3'>\n\t\t\t\t<input name='input_1' type='radio' value='&lt;b&gt;D\u00f1a. Inmaculada Garrido. Professor Agricultural Entomology \u2013 ETSIAM (Universidad de C\u00f3rdoba)&lt;\/b&gt;&lt;\/BR&gt;\u00abNuevos modos de acci\u00f3n de los hongos entomopat\u00f3genos\u00bb'  id='choice_5_1_3'    \/>\n\t\t\t\t<label for='choice_5_1_3' id='label_5_1_3' class='gform-field-label gform-field-label--type-inline'><b>Mrs. Immaculate Garrido. Professor Agricultural Entomology \u2013 ETSIAM (University of C\u00f3rdoba)<\/b><\/BR>\u00abNew modes of action of entomopathogenic fungi\u00bb<\/label>\n\t\t\t<\/li>\n\t\t\t<li class='gchoice gchoice_5_1_4'>\n\t\t\t\t<input name='input_1' type='radio' value='&lt;b&gt;D. Pablo Quir\u00f3s. Responsable de proyectos (Fertinagro Biotech)&lt;\/b&gt;&lt;\/BR&gt;\u00abUso de la metageno\u0301mica en suelos supresivos\u00bb'  id='choice_5_1_4'    \/>\n\t\t\t\t<label for='choice_5_1_4' id='label_5_1_4' class='gform-field-label gform-field-label--type-inline'><b>Mr. Pablo Quiros. Project Manager (Fertinagro Biotech)<\/b><\/BR>\u00abUse of metagenomics in suppressive soils\u00bb<\/label>\n\t\t\t<\/li>\n\t\t\t<li class='gchoice gchoice_5_1_5'>\n\t\t\t\t<input name='input_1' type='radio' value='&lt;b&gt;D\u00f1a. N\u00faria Banyuls. Project manager and regulatory expert (Applied Insect Science)&lt;\/b&gt;&lt;\/BR&gt;\u00abRegistration of Microbial Biopesticides as low risk products in the European Union\u00bb'  id='choice_5_1_5'    \/>\n\t\t\t\t<label for='choice_5_1_5' id='label_5_1_5' class='gform-field-label gform-field-label--type-inline'><b>Ms. N\u00faria Banyuls. Project manager and regulatory expert (Applied Insect Science)<\/b><\/BR>\u00abRegistration of Microbial Biopesticides as low risk products in the European Union\u00bb<\/label>\n\t\t\t<\/li>\n\t\t\t<li class='gchoice gchoice_5_1_6'>\n\t\t\t\t<input name='input_1' type='radio' value='&lt;b&gt;D. Alberto Fereres. Departamento de Protecci\u00f3n Vegetal (CSIC)&lt;\/b&gt;&lt;\/BR&gt;\u00abInsectos Vectores de Enfermedades Emergentes: una nueva amenaza para nuestra Agricultura\u00bb'  id='choice_5_1_6'    \/>\n\t\t\t\t<label for='choice_5_1_6' id='label_5_1_6' class='gform-field-label gform-field-label--type-inline'><b>Mr. Alberto Fereres. Plant Protection Department (CSIC)<\/b><\/BR>\u00abVector Insects of Emerging Diseases: a new threat to our Agriculture\u00bb<\/label>\n\t\t\t<\/li>\n\t\t\t<li class='gchoice gchoice_5_1_7'>\n\t\t\t\t<input name='input_1' type='radio' value='&lt;b&gt;D. Juan Rodr\u00edguez. Director t\u00e9cnico (AgrichemBio)&lt;\/b&gt;&lt;\/BR&gt;\u00abNuevas experiencias y consejos pr\u00e1cticos en el manejo de baculovirus para control de lepid\u00f3pteros\u00bb'  id='choice_5_1_7'    \/>\n\t\t\t\t<label for='choice_5_1_7' id='label_5_1_7' class='gform-field-label gform-field-label--type-inline'><b>Mr. Juan Rodriguez. Technical Director (AgrichemBio)<\/b><\/BR>\u00abNew experiences and practical advice in the management of baculoviruses to control lepidoptera\u00bb<\/label>\n\t\t\t<\/li><\/ul><\/div><\/li><li id=\"field_5_2\"  class=\"gfield gfield--type-textarea gfield_contains_required field_sublabel_below gfield--no-description field_description_below gfield_visibility_visible\"  data-js-reload=\"field_5_2\"><label class='gfield_label gform-field-label' for='input_5_2' >Ask your question here<span class=\"gfield_required\"><span class=\"gfield_required gfield_required_asterisk\">*<\/span><\/span><\/label><div class='ginput_container ginput_container_textarea'><textarea name='input_2' id='input_5_2' class='textarea medium'     aria-required=\"true\" aria-invalid=\"false\"   rows='10' cols='50'><\/textarea><\/div><\/li><li id=\"field_5_4\"  class=\"gfield gfield--type-text gf_left_half gfield_contains_required field_sublabel_below gfield--no-description field_description_below gfield_visibility_visible\"  data-js-reload=\"field_5_4\"><label class='gfield_label gform-field-label' for='input_5_4' >Your name and last name<span class=\"gfield_required\"><span class=\"gfield_required gfield_required_asterisk\">*<\/span><\/span><\/label><div class='ginput_container ginput_container_text'><input name='input_4' id='input_5_4' type='text' value='' class='medium'     aria-required=\"true\" aria-invalid=\"false\"   \/> <\/div><\/li><li id=\"field_5_5\"  class=\"gfield gfield--type-email gf_right_half gfield_contains_required field_sublabel_below gfield--no-description field_description_below gfield_visibility_visible\"  data-js-reload=\"field_5_5\"><label class='gfield_label gform-field-label' for='input_5_5' >E-mail<span class=\"gfield_required\"><span class=\"gfield_required gfield_required_asterisk\">*<\/span><\/span><\/label><div class='ginput_container ginput_container_email'>\n                            <input name='input_5' id='input_5_5' type='email' value='' class='medium'    aria-required=\"true\" aria-invalid=\"false\"  \/>\n                        <\/div><\/li><\/ul><\/div>\n        <div class='gform_footer top_label'> <input type='submit' id='gform_submit_button_5' class='gform_button button' value='Send'  onclick='if(window[\"gf_submitting_5\"]){return false;}  if( !jQuery(\"#gform_5\")[0].checkValidity || jQuery(\"#gform_5\")[0].checkValidity()){window[\"gf_submitting_5\"]=true;}  ' onkeypress='if( event.keyCode == 13 ){ if(window[\"gf_submitting_5\"]){return false;} if( !jQuery(\"#gform_5\")[0].checkValidity || jQuery(\"#gform_5\")[0].checkValidity()){window[\"gf_submitting_5\"]=true;}  jQuery(\"#gform_5\").trigger(\"submit\",[true]); }' \/> <input type='hidden' name='gform_ajax' value='form_id=5&amp;title=&amp;description=&amp;tabindex=0' \/>\n            <input type='hidden' class='gform_hidden' name='is_submit_5' value='1' \/>\n            <input type='hidden' class='gform_hidden' name='gform_submit' value='5' \/>\n            \n            <input type='hidden' class='gform_hidden' name='gform_unique_id' value='' \/>\n            <input type='hidden' class='gform_hidden' name='state_5' value='WyJbXSIsIjgxZDE1NjM0YmZjYzk4YTQ3NWE1NDdhNzljYzEyNTIwIl0=' \/>\n            <input type='hidden' class='gform_hidden' name='gform_target_page_number_5' id='gform_target_page_number_5' value='0' \/>\n            <input type='hidden' class='gform_hidden' name='gform_source_page_number_5' id='gform_source_page_number_5' value='1' \/>\n            <input type='hidden' name='gform_field_values' value='' \/>\n            \n        <\/div>\n                        <input type=\"hidden\" name=\"trp-form-language\" value=\"en\"\/><\/form>\n                        <\/div>\n\t\t                <iframe style='display:none;width:0px;height:0px;' src='about:blank' name='gform_ajax_frame_5' id='gform_ajax_frame_5' title='This iframe contains the logic required to handle Ajax powered Gravity Forms.'><\/iframe>\n\t\t                <script>\ngform.initializeOnLoaded( function() {gformInitSpinner( 5, 'https:\/\/microbioma.es\/wp-content\/plugins\/gravityforms\/images\/spinner.svg', true );jQuery('#gform_ajax_frame_5').on('load',function(){var contents = jQuery(this).contents().find('*').html();var is_postback = contents.indexOf('GF_AJAX_POSTBACK') >= 0;if(!is_postback){return;}var form_content = jQuery(this).contents().find('#gform_wrapper_5');var is_confirmation = jQuery(this).contents().find('#gform_confirmation_wrapper_5').length > 0;var is_redirect = contents.indexOf('gformRedirect(){') >= 0;var is_form = form_content.length > 0 && ! is_redirect && ! is_confirmation;var mt = parseInt(jQuery('html').css('margin-top'), 10) + parseInt(jQuery('body').css('margin-top'), 10) + 100;if(is_form){jQuery('#gform_wrapper_5').html(form_content.html());if(form_content.hasClass('gform_validation_error')){jQuery('#gform_wrapper_5').addClass('gform_validation_error');} else {jQuery('#gform_wrapper_5').removeClass('gform_validation_error');}setTimeout( function() { \/* delay the scroll by 50 milliseconds to fix a bug in chrome *\/ jQuery(document).scrollTop(jQuery('#gform_wrapper_5').offset().top - mt); }, 50 );if(window['gformInitDatepicker']) {gformInitDatepicker();}if(window['gformInitPriceFields']) {gformInitPriceFields();}var current_page = jQuery('#gform_source_page_number_5').val();gformInitSpinner( 5, 'https:\/\/microbioma.es\/wp-content\/plugins\/gravityforms\/images\/spinner.svg', true );jQuery(document).trigger('gform_page_loaded', [5, current_page]);window['gf_submitting_5'] = false;}else if(!is_redirect){var confirmation_content = jQuery(this).contents().find('.GF_AJAX_POSTBACK').html();if(!confirmation_content){confirmation_content = contents;}setTimeout(function(){jQuery('#gform_wrapper_5').replaceWith(confirmation_content);jQuery(document).scrollTop(jQuery('#gf_5').offset().top - mt);jQuery(document).trigger('gform_confirmation_loaded', [5]);window['gf_submitting_5'] = false;wp.a11y.speak(jQuery('#gform_confirmation_message_5').text());}, 50);}else{jQuery('#gform_5').append(contents);if(window['gformRedirect']) {gformRedirect();}}jQuery(document).trigger('gform_post_render', [5, current_page]);gform.utils.trigger({ event: 'gform\/postRender', native: false, data: { formId: 5, currentPage: current_page } });} );} );\n<\/script>\n<\/div>\n\t\t\t\t\t\t<\/div>\n\t\t\t\t<\/div>\n\t\t\t\t\t<\/div>\n\t\t<\/div>\n\t\t\t\t\t<\/div>\n\t\t<\/section>\n\t\t\t\t<\/div>","protected":false},"excerpt":{"rendered":"<p>PLAGUES AND DISEASES Select the speaker to ask the question<\/p>","protected":false},"author":3,"featured_media":0,"parent":0,"menu_order":0,"comment_status":"closed","ping_status":"closed","template":"elementor_header_footer","meta":{"inline_featured_image":false,"footnotes":""},"class_list":["post-2399","page","type-page","status-publish","hentry"],"_links":{"self":[{"href":"https:\/\/microbioma.es\/en\/wp-json\/wp\/v2\/pages\/2399","targetHints":{"allow":["GET"]}}],"collection":[{"href":"https:\/\/microbioma.es\/en\/wp-json\/wp\/v2\/pages"}],"about":[{"href":"https:\/\/microbioma.es\/en\/wp-json\/wp\/v2\/types\/page"}],"author":[{"embeddable":true,"href":"https:\/\/microbioma.es\/en\/wp-json\/wp\/v2\/users\/3"}],"replies":[{"embeddable":true,"href":"https:\/\/microbioma.es\/en\/wp-json\/wp\/v2\/comments?post=2399"}],"version-history":[{"count":0,"href":"https:\/\/microbioma.es\/en\/wp-json\/wp\/v2\/pages\/2399\/revisions"}],"wp:attachment":[{"href":"https:\/\/microbioma.es\/en\/wp-json\/wp\/v2\/media?parent=2399"}],"curies":[{"name":"wp","href":"https:\/\/api.w.org\/{rel}","templated":true}]}}