{"id":2292,"date":"2019-05-23T11:49:22","date_gmt":"2019-05-23T09:49:22","guid":{"rendered":"https:\/\/microbioma.es\/?page_id=2292"},"modified":"2019-05-30T11:07:04","modified_gmt":"2019-05-30T09:07:04","slug":"preguntas-bloque4","status":"publish","type":"page","link":"https:\/\/microbioma.es\/en\/preguntas-bloque4\/","title":{"rendered":"Questions block 4"},"content":{"rendered":"<div data-elementor-type=\"wp-post\" data-elementor-id=\"2292\" class=\"elementor elementor-2292\" data-elementor-post-type=\"page\">\n\t\t\t\t\t\t<section data-particle_enable=\"false\" data-particle-mobile-disabled=\"false\" class=\"elementor-section elementor-top-section elementor-element elementor-element-6bfaf21 elementor-section-boxed elementor-section-height-default elementor-section-height-default\" data-id=\"6bfaf21\" data-element_type=\"section\" data-settings=\"{&quot;background_background&quot;:&quot;classic&quot;}\">\n\t\t\t\t\t\t<div class=\"elementor-container elementor-column-gap-default\">\n\t\t\t\t\t<div class=\"elementor-column elementor-col-100 elementor-top-column elementor-element elementor-element-a671fa6\" data-id=\"a671fa6\" data-element_type=\"column\">\n\t\t\t<div class=\"elementor-widget-wrap elementor-element-populated\">\n\t\t\t\t\t\t<div class=\"elementor-element elementor-element-821fe20 elementor-widget elementor-widget-heading\" data-id=\"821fe20\" data-element_type=\"widget\" data-widget_type=\"heading.default\">\n\t\t\t\t<div class=\"elementor-widget-container\">\n\t\t\t\t\t<h3 class=\"elementor-heading-title elementor-size-default\">Select the speaker to ask the question<\/h3>\t\t\t\t<\/div>\n\t\t\t\t<\/div>\n\t\t\t\t<div class=\"elementor-element elementor-element-6115bb8 elementor-widget elementor-widget-shortcode\" data-id=\"6115bb8\" data-element_type=\"widget\" data-widget_type=\"shortcode.default\">\n\t\t\t\t<div class=\"elementor-widget-container\">\n\t\t\t\t\t\t\t<div class=\"elementor-shortcode\"><script type=\"text\/javascript\">var gform;gform||(document.addEventListener(\"gform_main_scripts_loaded\",function(){gform.scriptsLoaded=!0}),window.addEventListener(\"DOMContentLoaded\",function(){gform.domLoaded=!0}),gform={domLoaded:!1,scriptsLoaded:!1,initializeOnLoaded:function(o){gform.domLoaded&&gform.scriptsLoaded?o():!gform.domLoaded&&gform.scriptsLoaded?window.addEventListener(\"DOMContentLoaded\",o):document.addEventListener(\"gform_main_scripts_loaded\",o)},hooks:{action:{},filter:{}},addAction:function(o,n,r,t){gform.addHook(\"action\",o,n,r,t)},addFilter:function(o,n,r,t){gform.addHook(\"filter\",o,n,r,t)},doAction:function(o){gform.doHook(\"action\",o,arguments)},applyFilters:function(o){return gform.doHook(\"filter\",o,arguments)},removeAction:function(o,n){gform.removeHook(\"action\",o,n)},removeFilter:function(o,n,r){gform.removeHook(\"filter\",o,n,r)},addHook:function(o,n,r,t,i){null==gform.hooks[o][n]&&(gform.hooks[o][n]=[]);var e=gform.hooks[o][n];null==i&&(i=n+\"_\"+e.length),gform.hooks[o][n].push({tag:i,callable:r,priority:t=null==t?10:t})},doHook:function(n,o,r){var t;if(r=Array.prototype.slice.call(r,1),null!=gform.hooks[n][o]&&((o=gform.hooks[n][o]).sort(function(o,n){return o.priority-n.priority}),o.forEach(function(o){\"function\"!=typeof(t=o.callable)&&(t=window[t]),\"action\"==n?t.apply(null,r):r[0]=t.apply(null,r)})),\"filter\"==n)return r[0]},removeHook:function(o,n,t,i){var r;null!=gform.hooks[o][n]&&(r=(r=gform.hooks[o][n]).filter(function(o,n,r){return!!(null!=i&&i!=o.tag||null!=t&&t!=o.priority)}),gform.hooks[o][n]=r)}});<\/script>\n                <div class='gf_browser_gecko gform_wrapper gform_legacy_markup_wrapper gform-theme--no-framework' data-form-theme='legacy' data-form-index='0' id='gform_wrapper_7' ><div id='gf_7' class='gform_anchor' tabindex='-1'><\/div><form method='post' enctype='multipart\/form-data' target='gform_ajax_frame_7' id='gform_7'  action='\/en\/wp-json\/wp\/v2\/pages\/2292#gf_7' data-formid='7' novalidate data-trp-original-action=\"\/en\/wp-json\/wp\/v2\/pages\/2292#gf_7\">\n                        <div class='gform-body gform_body'><ul id='gform_fields_7' class='gform_fields top_label form_sublabel_below description_below'><li id=\"field_7_1\"  class=\"gfield gfield--type-radio gfield--type-choice gfield_contains_required field_sublabel_below gfield--no-description field_description_below gfield_visibility_visible\"  data-js-reload=\"field_7_1\"><label class='gfield_label gform-field-label'  >Select Speaker to ask<span class=\"gfield_required\"><span class=\"gfield_required gfield_required_asterisk\">*<\/span><\/span><\/label><div class='ginput_container ginput_container_radio'><ul class='gfield_radio' id='input_7_1'>\n\t\t\t<li class='gchoice gchoice_7_1_0'>\n\t\t\t\t<input name='input_1' type='radio' value='&lt;b&gt;D\u00f1a. Esther Ngumbi. Post-doctoral researcher (University of Illinois at Urbana Champaign)&lt;\/b&gt;&lt;\/BR&gt;\u00abUse of plant growth-promoting rhizobacteria to mediate soil fertilizer and drought tolerance\u00bb'  id='choice_7_1_0'    \/>\n\t\t\t\t<label for='choice_7_1_0' id='label_7_1_0' class='gform-field-label gform-field-label--type-inline'><b>Mrs. Esther Ngumbi. Post-doctoral researcher (University of Illinois at Urbana Champaign)<\/b><\/BR>\u00abUse of plant growth-promoting rhizobacteria to mediate soil fertilizer and drought tolerance\u00bb<\/label>\n\t\t\t<\/li>\n\t\t\t<li class='gchoice gchoice_7_1_1'>\n\t\t\t\t<input name='input_1' type='radio' value='&lt;b&gt;D. Guillermo V\u00e1zquez. T\u00e9cnico de Campo (Probelte)&lt;\/b&gt;&lt;\/BR&gt;\u00abLa agrobiotecnolog\u00eda como aliado para la mejora de los cultivos\u00bb'  id='choice_7_1_1'    \/>\n\t\t\t\t<label for='choice_7_1_1' id='label_7_1_1' class='gform-field-label gform-field-label--type-inline'><b>D. Guillermo Vazquez. Field Technician (Probelte)<\/b><\/BR>\u00abAgrobiotechnology as an ally for the improvement of crops\u00bb<\/label>\n\t\t\t<\/li>\n\t\t\t<li class='gchoice gchoice_7_1_2'>\n\t\t\t\t<input name='input_1' type='radio' value='&lt;b&gt;D. Roberto Baigorri Ekisoain. Responsable \u00c1rea Cient\u00edfica del Departamento T\u00e9cnico y de Desarrollo (Timac AGRO)&lt;\/b&gt;&lt;\/BR&gt;\u00abMicrobiota del suelo, la gran olvidada en fertilizaci\u00f3n\u00bb'  id='choice_7_1_2'    \/>\n\t\t\t\t<label for='choice_7_1_2' id='label_7_1_2' class='gform-field-label gform-field-label--type-inline'><b>Mr. Roberto Baigorri Ekisoain. Scientific Area Manager of the Technical and Development Department (Timac AGRO)<\/b><\/BR>\u00abSoil microbiota, the great forgotten in fertilization\u00bb<\/label>\n\t\t\t<\/li>\n\t\t\t<li class='gchoice gchoice_7_1_3'>\n\t\t\t\t<input name='input_1' type='radio' value='&lt;b&gt;D. Pedro Palaz\u00f3n. CEO (Ideagro)&lt;\/b&gt;&lt;\/BR&gt;\u00abComo Evaluar el efecto fertilizante de un microorganismo\u00bb'  id='choice_7_1_3'    \/>\n\t\t\t\t<label for='choice_7_1_3' id='label_7_1_3' class='gform-field-label gform-field-label--type-inline'><b>Mr. Pedro Palazon. CEO (Ideagro)<\/b><\/BR>\u00abHow to Evaluate the fertilizing effect of a microorganism\u00bb<\/label>\n\t\t\t<\/li>\n\t\t\t<li class='gchoice gchoice_7_1_4'>\n\t\t\t\t<input name='input_1' type='radio' value='&lt;b&gt;D. Khalid Akdi. Director de I+D+i (Trichodex)&lt;\/b&gt;&lt;\/BR&gt;\u00abMicrobioma Vegetal, Nuevo Paradigma para optimizar la eficiencia nutricional y mitigar el estr\u00e9s Abi\u00f3tico\u00bb'  id='choice_7_1_4'    \/>\n\t\t\t\t<label for='choice_7_1_4' id='label_7_1_4' class='gform-field-label gform-field-label--type-inline'><b>Mr Khalid Akdi. R+D+i Director (Trichodex)<\/b><\/BR>\u00abPlant Microbiome, New Paradigm to optimize nutritional efficiency and mitigate Abiotic stress\u00bb<\/label>\n\t\t\t<\/li>\n\t\t\t<li class='gchoice gchoice_7_1_5'>\n\t\t\t\t<input name='input_1' type='radio' value='&lt;b&gt;D\u00f1a. Teresa Hern\u00e1ndez. Profesora de investigaci\u00f3n (CEBAS-CSIC)&lt;\/b&gt;&lt;\/BR&gt;\u00abEl f\u00f3sforo en el suelo: Su importancia y estrategias microbianas de solubilizaci\u00f3n\u00bb'  id='choice_7_1_5'    \/>\n\t\t\t\t<label for='choice_7_1_5' id='label_7_1_5' class='gform-field-label gform-field-label--type-inline'><b>Ms. Teresa Hernandez. Research professor (CEBAS-CSIC)<\/b><\/BR>\u00abPhosphorus in the soil: Its importance and microbial solubilization strategies\u00bb<\/label>\n\t\t\t<\/li>\n\t\t\t<li class='gchoice gchoice_7_1_6'>\n\t\t\t\t<input name='input_1' type='radio' value='&lt;b&gt;D\u00f1a. Dilfuza Egamberdieva. Senior Researcher. Leibniz Centre for Agricultural Landscape Research (ZALF)&lt;\/b&gt;&lt;\/BR&gt;\u00abPlants and their microbe friends: Creativity for plant stress management and sustainable agriculture\u00bb'  id='choice_7_1_6'    \/>\n\t\t\t\t<label for='choice_7_1_6' id='label_7_1_6' class='gform-field-label gform-field-label--type-inline'><b>Ms. Dilfuza Egamberdieva. Senior Researcher. Leibniz Center for Agricultural Landscape Research (ZALF)<\/b><\/BR>\u00abPlants and their microbe friends: Creativity for plant stress management and sustainable agriculture\u00bb<\/label>\n\t\t\t<\/li>\n\t\t\t<li class='gchoice gchoice_7_1_7'>\n\t\t\t\t<input name='input_1' type='radio' value='&lt;b&gt;D\u00f1a. M\u00f3nica Perdices. Directora I&amp;D y Registros R&amp;D and Regulatory Manager (Ceres Biotics)&lt;\/b&gt;&lt;\/BR&gt;\u00abVanguardia tecnolo\u0301gica en biofertilizacio\u0301n y bioestimulacio\u0301n: microorganismos endo\u0301fitos\u00bb'  id='choice_7_1_7'    \/>\n\t\t\t\t<label for='choice_7_1_7' id='label_7_1_7' class='gform-field-label gform-field-label--type-inline'><b>Mrs. Monica Partridges. Director R&amp;D and Registries R&amp;D and Regulatory Manager (Ceres Biotics)<\/b><\/BR>\u00abTechnological vanguard in biofertilization and biostimulation: endophytic microorganisms\u00bb<\/label>\n\t\t\t<\/li>\n\t\t\t<li class='gchoice gchoice_7_1_8'>\n\t\t\t\t<input name='input_1' type='radio' value='&lt;b&gt;D. Pedro Fern\u00e1ndez (CARM)&lt;\/b&gt;&lt;\/BR&gt;\u00abEnmiendas org\u00e1nicas como Pools de nutrientes insuficentemente estimados\u00bb'  id='choice_7_1_8'    \/>\n\t\t\t\t<label for='choice_7_1_8' id='label_7_1_8' class='gform-field-label gform-field-label--type-inline'><b>Mr. Pedro Fern\u00e1ndez (CARM)<\/b><\/BR>&quot;Organic amendments such as insufficiently estimated nutrient pools&quot;<\/label>\n\t\t\t<\/li><\/ul><\/div><\/li><li id=\"field_7_2\"  class=\"gfield gfield--type-textarea gfield_contains_required field_sublabel_below gfield--no-description field_description_below gfield_visibility_visible\"  data-js-reload=\"field_7_2\"><label class='gfield_label gform-field-label' for='input_7_2' >Ask your question here<span class=\"gfield_required\"><span class=\"gfield_required gfield_required_asterisk\">*<\/span><\/span><\/label><div class='ginput_container ginput_container_textarea'><textarea name='input_2' id='input_7_2' class='textarea medium'     aria-required=\"true\" aria-invalid=\"false\"   rows='10' cols='50'><\/textarea><\/div><\/li><li id=\"field_7_4\"  class=\"gfield gfield--type-text gf_left_half gfield_contains_required field_sublabel_below gfield--no-description field_description_below gfield_visibility_visible\"  data-js-reload=\"field_7_4\"><label class='gfield_label gform-field-label' for='input_7_4' >Your name and last name<span class=\"gfield_required\"><span class=\"gfield_required gfield_required_asterisk\">*<\/span><\/span><\/label><div class='ginput_container ginput_container_text'><input name='input_4' id='input_7_4' type='text' value='' class='medium'     aria-required=\"true\" aria-invalid=\"false\"   \/> <\/div><\/li><li id=\"field_7_5\"  class=\"gfield gfield--type-email gf_right_half gfield_contains_required field_sublabel_below gfield--no-description field_description_below gfield_visibility_visible\"  data-js-reload=\"field_7_5\"><label class='gfield_label gform-field-label' for='input_7_5' >E-mail<span class=\"gfield_required\"><span class=\"gfield_required gfield_required_asterisk\">*<\/span><\/span><\/label><div class='ginput_container ginput_container_email'>\n                            <input name='input_5' id='input_7_5' type='email' value='' class='medium'    aria-required=\"true\" aria-invalid=\"false\"  \/>\n                        <\/div><\/li><\/ul><\/div>\n        <div class='gform_footer top_label'> <input type='submit' id='gform_submit_button_7' class='gform_button button' value='Send'  onclick='if(window[\"gf_submitting_7\"]){return false;}  if( !jQuery(\"#gform_7\")[0].checkValidity || jQuery(\"#gform_7\")[0].checkValidity()){window[\"gf_submitting_7\"]=true;}  ' onkeypress='if( event.keyCode == 13 ){ if(window[\"gf_submitting_7\"]){return false;} if( !jQuery(\"#gform_7\")[0].checkValidity || jQuery(\"#gform_7\")[0].checkValidity()){window[\"gf_submitting_7\"]=true;}  jQuery(\"#gform_7\").trigger(\"submit\",[true]); }' \/> <input type='hidden' name='gform_ajax' value='form_id=7&amp;title=&amp;description=&amp;tabindex=0' \/>\n            <input type='hidden' class='gform_hidden' name='is_submit_7' value='1' \/>\n            <input type='hidden' class='gform_hidden' name='gform_submit' value='7' \/>\n            \n            <input type='hidden' class='gform_hidden' name='gform_unique_id' value='' \/>\n            <input type='hidden' class='gform_hidden' name='state_7' value='WyJbXSIsIjgxZDE1NjM0YmZjYzk4YTQ3NWE1NDdhNzljYzEyNTIwIl0=' \/>\n            <input type='hidden' class='gform_hidden' name='gform_target_page_number_7' id='gform_target_page_number_7' value='0' \/>\n            <input type='hidden' class='gform_hidden' name='gform_source_page_number_7' id='gform_source_page_number_7' value='1' \/>\n            <input type='hidden' name='gform_field_values' value='' \/>\n            \n        <\/div>\n                        <input type=\"hidden\" name=\"trp-form-language\" value=\"en\"\/><\/form>\n                        <\/div>\n\t\t                <iframe style='display:none;width:0px;height:0px;' src='about:blank' name='gform_ajax_frame_7' id='gform_ajax_frame_7' title='This iframe contains the logic required to handle Ajax powered Gravity Forms.'><\/iframe>\n\t\t                <script>\ngform.initializeOnLoaded( function() {gformInitSpinner( 7, 'https:\/\/microbioma.es\/wp-content\/plugins\/gravityforms\/images\/spinner.svg', true );jQuery('#gform_ajax_frame_7').on('load',function(){var contents = jQuery(this).contents().find('*').html();var is_postback = contents.indexOf('GF_AJAX_POSTBACK') >= 0;if(!is_postback){return;}var form_content = jQuery(this).contents().find('#gform_wrapper_7');var is_confirmation = jQuery(this).contents().find('#gform_confirmation_wrapper_7').length > 0;var is_redirect = contents.indexOf('gformRedirect(){') >= 0;var is_form = form_content.length > 0 && ! is_redirect && ! is_confirmation;var mt = parseInt(jQuery('html').css('margin-top'), 10) + parseInt(jQuery('body').css('margin-top'), 10) + 100;if(is_form){jQuery('#gform_wrapper_7').html(form_content.html());if(form_content.hasClass('gform_validation_error')){jQuery('#gform_wrapper_7').addClass('gform_validation_error');} else {jQuery('#gform_wrapper_7').removeClass('gform_validation_error');}setTimeout( function() { \/* delay the scroll by 50 milliseconds to fix a bug in chrome *\/ jQuery(document).scrollTop(jQuery('#gform_wrapper_7').offset().top - mt); }, 50 );if(window['gformInitDatepicker']) {gformInitDatepicker();}if(window['gformInitPriceFields']) {gformInitPriceFields();}var current_page = jQuery('#gform_source_page_number_7').val();gformInitSpinner( 7, 'https:\/\/microbioma.es\/wp-content\/plugins\/gravityforms\/images\/spinner.svg', true );jQuery(document).trigger('gform_page_loaded', [7, current_page]);window['gf_submitting_7'] = false;}else if(!is_redirect){var confirmation_content = jQuery(this).contents().find('.GF_AJAX_POSTBACK').html();if(!confirmation_content){confirmation_content = contents;}setTimeout(function(){jQuery('#gform_wrapper_7').replaceWith(confirmation_content);jQuery(document).scrollTop(jQuery('#gf_7').offset().top - mt);jQuery(document).trigger('gform_confirmation_loaded', [7]);window['gf_submitting_7'] = false;wp.a11y.speak(jQuery('#gform_confirmation_message_7').text());}, 50);}else{jQuery('#gform_7').append(contents);if(window['gformRedirect']) {gformRedirect();}}jQuery(document).trigger('gform_post_render', [7, current_page]);gform.utils.trigger({ event: 'gform\/postRender', native: false, data: { formId: 7, currentPage: current_page } });} );} );\n<\/script>\n<\/div>\n\t\t\t\t\t\t<\/div>\n\t\t\t\t<\/div>\n\t\t\t\t\t<\/div>\n\t\t<\/div>\n\t\t\t\t\t<\/div>\n\t\t<\/section>\n\t\t\t\t<\/div>","protected":false},"excerpt":{"rendered":"<p>FERTILIZERS OF MICROBIAL ORIGIN Select the speaker to whom you will ask the question<\/p>","protected":false},"author":3,"featured_media":0,"parent":0,"menu_order":0,"comment_status":"closed","ping_status":"closed","template":"elementor_header_footer","meta":{"inline_featured_image":false,"footnotes":""},"class_list":["post-2292","page","type-page","status-publish","hentry"],"_links":{"self":[{"href":"https:\/\/microbioma.es\/en\/wp-json\/wp\/v2\/pages\/2292","targetHints":{"allow":["GET"]}}],"collection":[{"href":"https:\/\/microbioma.es\/en\/wp-json\/wp\/v2\/pages"}],"about":[{"href":"https:\/\/microbioma.es\/en\/wp-json\/wp\/v2\/types\/page"}],"author":[{"embeddable":true,"href":"https:\/\/microbioma.es\/en\/wp-json\/wp\/v2\/users\/3"}],"replies":[{"embeddable":true,"href":"https:\/\/microbioma.es\/en\/wp-json\/wp\/v2\/comments?post=2292"}],"version-history":[{"count":0,"href":"https:\/\/microbioma.es\/en\/wp-json\/wp\/v2\/pages\/2292\/revisions"}],"wp:attachment":[{"href":"https:\/\/microbioma.es\/en\/wp-json\/wp\/v2\/media?parent=2292"}],"curies":[{"name":"wp","href":"https:\/\/api.w.org\/{rel}","templated":true}]}}