{"id":2162,"date":"2019-05-15T09:32:49","date_gmt":"2019-05-15T07:32:49","guid":{"rendered":"https:\/\/microbioma.es\/?page_id=2162"},"modified":"2019-05-15T09:33:44","modified_gmt":"2019-05-15T07:33:44","slug":"app-parking","status":"publish","type":"page","link":"https:\/\/microbioma.es\/en\/app-parking\/","title":{"rendered":"APP Parking"},"content":{"rendered":"<div data-elementor-type=\"wp-post\" data-elementor-id=\"2162\" class=\"elementor elementor-2162\" data-elementor-post-type=\"page\">\n\t\t\t\t\t\t<section data-particle_enable=\"false\" data-particle-mobile-disabled=\"false\" class=\"elementor-section elementor-top-section elementor-element elementor-element-1a9b84a6 elementor-section-boxed elementor-section-height-default elementor-section-height-default\" data-id=\"1a9b84a6\" data-element_type=\"section\" data-settings=\"{&quot;background_background&quot;:&quot;classic&quot;}\">\n\t\t\t\t\t\t<div class=\"elementor-container elementor-column-gap-default\">\n\t\t\t\t\t<div class=\"elementor-column elementor-col-100 elementor-top-column elementor-element elementor-element-957c3f9\" data-id=\"957c3f9\" data-element_type=\"column\">\n\t\t\t<div class=\"elementor-widget-wrap elementor-element-populated\">\n\t\t\t\t\t\t<div class=\"elementor-element elementor-element-42096db4 elementor-widget elementor-widget-text-editor\" data-id=\"42096db4\" data-element_type=\"widget\" data-widget_type=\"text-editor.default\">\n\t\t\t\t<div class=\"elementor-widget-container\">\n\t\t\t\t\t\t\t\t\t<p>The Microbiome organization has reached a <strong>agreement with the port parking<\/strong> through which all those registered will be able to enjoy a full day of parking for <strong>5\u20ac<\/strong>.<\/p><p>Be<strong> it is essential to present the accreditation<\/strong> to enjoy these conditions.<\/p>\t\t\t\t\t\t\t\t<\/div>\n\t\t\t\t<\/div>\n\t\t\t\t<div class=\"elementor-element elementor-element-1d94916e elementor-widget elementor-widget-image\" data-id=\"1d94916e\" data-element_type=\"widget\" data-widget_type=\"image.default\">\n\t\t\t\t<div class=\"elementor-widget-container\">\n\t\t\t\t\t\t\t\t\t\t\t\t\t\t\t<img fetchpriority=\"high\" decoding=\"async\" width=\"800\" height=\"498\" src=\"https:\/\/microbioma.es\/wp-content\/uploads\/2019\/05\/mapa-parking-1024x638.jpg\" class=\"attachment-large size-large wp-image-2056\" alt=\"\" srcset=\"https:\/\/microbioma.es\/wp-content\/uploads\/2019\/05\/mapa-parking-1024x638.jpg 1024w, https:\/\/microbioma.es\/wp-content\/uploads\/2019\/05\/mapa-parking-600x374.jpg 600w, https:\/\/microbioma.es\/wp-content\/uploads\/2019\/05\/mapa-parking-300x187.jpg 300w, https:\/\/microbioma.es\/wp-content\/uploads\/2019\/05\/mapa-parking-768x479.jpg 768w, https:\/\/microbioma.es\/wp-content\/uploads\/2019\/05\/mapa-parking.jpg 1317w\" sizes=\"(max-width: 800px) 100vw, 800px\" \/>\t\t\t\t\t\t\t\t\t\t\t\t\t\t\t<\/div>\n\t\t\t\t<\/div>\n\t\t\t\t<div class=\"elementor-element elementor-element-6613dd11 elementor-align-center elementor-widget elementor-widget-button\" data-id=\"6613dd11\" data-element_type=\"widget\" data-widget_type=\"button.default\">\n\t\t\t\t<div class=\"elementor-widget-container\">\n\t\t\t\t\t\t\t\t\t<div class=\"elementor-button-wrapper\">\n\t\t\t\t\t<a class=\"elementor-button elementor-button-link elementor-size-lg elementor-animation-grow\" href=\"https:\/\/www.google.com\/maps\/place\/Parking+del+Puerto\/@37.5993834,-0.983372,17z\/data=!4m5!3m4!1s0x0:0x643958fa86bc16d9!8m2!3d37.5977777!4d-0.9844974\" target=\"_blank\" rel=\"noopener\">\n\t\t\t\t\t\t<span class=\"elementor-button-content-wrapper\">\n\t\t\t\t\t\t<span class=\"elementor-button-icon\">\n\t\t\t\t\t\t\t\t\t<i class=\"fa fa-map-marker\" aria-hidden=\"true\"><\/i>\n\t\t\t\t\t\t\t<\/span>\n\t\t\t\t\t\t\t\t\t<span class=\"elementor-button-text\">SEE ON GOOGLE MAPS<\/span>\n\t\t\t\t\t<\/span>\n\t\t\t\t\t<\/a>\n\t\t\t\t<\/div>\n\t\t\t\t\t\t\t\t<\/div>\n\t\t\t\t<\/div>\n\t\t\t\t\t<\/div>\n\t\t<\/div>\n\t\t\t\t\t<\/div>\n\t\t<\/section>\n\t\t\t\t<\/div>","protected":false},"excerpt":{"rendered":"<p>PARKING La organizaci\u00f3n de Microbioma ha llegado a un acuerdo con el parking del puerto mediante el cual, todos los inscritos, podr\u00e1n disfrutar de un d\u00eda completo de parking por 5\u20ac. Ser\u00e1 imprescindible presentar la acreditaci\u00f3n para disfrutar de estas condiciones. VER EN GOOGLE MAPS<\/p>","protected":false},"author":3,"featured_media":0,"parent":0,"menu_order":0,"comment_status":"closed","ping_status":"closed","template":"elementor_canvas","meta":{"inline_featured_image":false,"footnotes":""},"class_list":["post-2162","page","type-page","status-publish","hentry"],"_links":{"self":[{"href":"https:\/\/microbioma.es\/en\/wp-json\/wp\/v2\/pages\/2162","targetHints":{"allow":["GET"]}}],"collection":[{"href":"https:\/\/microbioma.es\/en\/wp-json\/wp\/v2\/pages"}],"about":[{"href":"https:\/\/microbioma.es\/en\/wp-json\/wp\/v2\/types\/page"}],"author":[{"embeddable":true,"href":"https:\/\/microbioma.es\/en\/wp-json\/wp\/v2\/users\/3"}],"replies":[{"embeddable":true,"href":"https:\/\/microbioma.es\/en\/wp-json\/wp\/v2\/comments?post=2162"}],"version-history":[{"count":0,"href":"https:\/\/microbioma.es\/en\/wp-json\/wp\/v2\/pages\/2162\/revisions"}],"wp:attachment":[{"href":"https:\/\/microbioma.es\/en\/wp-json\/wp\/v2\/media?parent=2162"}],"curies":[{"name":"wp","href":"https:\/\/api.w.org\/{rel}","templated":true}]}}