{"id":1632,"date":"2019-04-24T18:28:41","date_gmt":"2019-04-24T16:28:41","guid":{"rendered":"https:\/\/microbioma.es\/networking\/"},"modified":"2023-05-16T12:49:20","modified_gmt":"2023-05-16T10:49:20","slug":"networking","status":"publish","type":"page","link":"https:\/\/microbioma.es\/en\/networking\/","title":{"rendered":"networking"},"content":{"rendered":"<div data-elementor-type=\"wp-post\" data-elementor-id=\"1632\" class=\"elementor elementor-1632\" data-elementor-post-type=\"page\">\n\t\t\t\t<div data-particle_enable=\"false\" data-particle-mobile-disabled=\"false\" class=\"elementor-element elementor-element-440350a e-flex e-con-boxed e-con e-parent\" data-id=\"440350a\" data-element_type=\"container\" data-settings=\"{&quot;background_background&quot;:&quot;classic&quot;}\">\n\t\t\t\t\t<div class=\"e-con-inner\">\n\t\t\t\t<div class=\"elementor-element elementor-element-8501d8a elementor-widget elementor-widget-spacer\" data-id=\"8501d8a\" data-element_type=\"widget\" data-widget_type=\"spacer.default\">\n\t\t\t\t<div class=\"elementor-widget-container\">\n\t\t\t\t\t\t\t<div class=\"elementor-spacer\">\n\t\t\t<div class=\"elementor-spacer-inner\"><\/div>\n\t\t<\/div>\n\t\t\t\t\t\t<\/div>\n\t\t\t\t<\/div>\n\t\t\t\t\t<\/div>\n\t\t\t\t<\/div>\n\t\t<div data-particle_enable=\"false\" data-particle-mobile-disabled=\"false\" class=\"elementor-element elementor-element-b3bc20d e-flex e-con-boxed e-con e-parent\" data-id=\"b3bc20d\" data-element_type=\"container\" data-settings=\"{&quot;background_background&quot;:&quot;classic&quot;}\">\n\t\t\t\t\t<div class=\"e-con-inner\">\n\t\t<div data-particle_enable=\"false\" data-particle-mobile-disabled=\"false\" class=\"elementor-element elementor-element-edb0216 e-con-full e-flex e-con e-child\" data-id=\"edb0216\" data-element_type=\"container\">\n\t\t\t\t<\/div>\n\t\t<div data-particle_enable=\"false\" data-particle-mobile-disabled=\"false\" class=\"elementor-element elementor-element-a960e3e e-con-full e-flex e-con e-child\" data-id=\"a960e3e\" data-element_type=\"container\">\n\t\t\t\t<div class=\"elementor-element elementor-element-0467558 elementor-widget elementor-widget-heading\" data-id=\"0467558\" data-element_type=\"widget\" data-widget_type=\"heading.default\">\n\t\t\t\t<div class=\"elementor-widget-container\">\n\t\t\t\t\t<p class=\"elementor-heading-title elementor-size-default\">PLATFORM<\/p>\t\t\t\t<\/div>\n\t\t\t\t<\/div>\n\t\t\t\t<div class=\"elementor-element elementor-element-98fb98f elementor-widget elementor-widget-heading\" data-id=\"98fb98f\" data-element_type=\"widget\" data-widget_type=\"heading.default\">\n\t\t\t\t<div class=\"elementor-widget-container\">\n\t\t\t\t\t<h1 class=\"elementor-heading-title elementor-size-default\">NETWORKING<\/h1>\t\t\t\t<\/div>\n\t\t\t\t<\/div>\n\t\t\t\t<div class=\"elementor-element elementor-element-e475df3 elementor-widget elementor-widget-text-editor\" data-id=\"e475df3\" data-element_type=\"widget\" data-widget_type=\"text-editor.default\">\n\t\t\t\t<div class=\"elementor-widget-container\">\n\t\t\t\t\t\t\t\t\t<p>You can now access the Networking platform where you can request meetings between companies, technicians and other professionals interested in taking advantage of their presence during the two face-to-face days of the event.<\/p>\t\t\t\t\t\t\t\t<\/div>\n\t\t\t\t<\/div>\n\t\t<div data-particle_enable=\"false\" data-particle-mobile-disabled=\"false\" class=\"elementor-element elementor-element-867e178 e-flex e-con-boxed e-con e-child\" data-id=\"867e178\" data-element_type=\"container\">\n\t\t\t\t\t<div class=\"e-con-inner\">\n\t\t\t\t\t<\/div>\n\t\t\t\t<\/div>\n\t\t\t\t<\/div>\n\t\t\t\t\t<\/div>\n\t\t\t\t<\/div>\n\t\t<div data-particle_enable=\"false\" data-particle-mobile-disabled=\"false\" class=\"elementor-element elementor-element-8e5a7d3 e-flex e-con-boxed e-con e-parent\" data-id=\"8e5a7d3\" data-element_type=\"container\">\n\t\t\t\t\t<div class=\"e-con-inner\">\n\t\t<div data-particle_enable=\"false\" data-particle-mobile-disabled=\"false\" class=\"elementor-element elementor-element-eb921b4 e-con-full e-flex e-con e-child\" data-id=\"eb921b4\" data-element_type=\"container\">\n\t\t\t\t<div class=\"elementor-element elementor-element-ae8b853 elementor-widget elementor-widget-heading\" data-id=\"ae8b853\" data-element_type=\"widget\" data-widget_type=\"heading.default\">\n\t\t\t\t<div class=\"elementor-widget-container\">\n\t\t\t\t\t<h2 class=\"elementor-heading-title elementor-size-default\">Make an appointment<\/h2>\t\t\t\t<\/div>\n\t\t\t\t<\/div>\n\t\t\t\t<div class=\"elementor-element elementor-element-a192b06 elementor-widget elementor-widget-text-editor\" data-id=\"a192b06\" data-element_type=\"widget\" data-widget_type=\"text-editor.default\">\n\t\t\t\t<div class=\"elementor-widget-container\">\n\t\t\t\t\t\t\t\t\t<p>If you want to arrange a meeting with companies or professionals:<\/p><ol><li>Accede to <a href=\"https:\/\/empresas.agromunity.com\/\" target=\"_blank\" rel=\"noopener\"><span style=\"text-decoration: underline;\"><strong><span style=\"color: #568958; text-decoration: underline;\">companies.agromunity.com<\/span><\/strong><\/span><\/a><\/li><li><strong>Sign up<\/strong> by clicking on the Register button at the top right.<\/li><li>Once registered, <strong>choose the company<\/strong> to which you want to request a meeting.<\/li><li>Inside your profile <strong>choose the day and an available time<\/strong> and press \u201c<strong>to ask for a date<\/strong>\u201d.<\/li><li>On the next screen <strong>enter a message<\/strong> that will come to the company.<\/li><li>press <strong>Confirm<\/strong>.<\/li><\/ol><p>At this time, the request will be received by the company, which will be able to accept or decline the request. If you accept it, you will receive an email with the details of the appointment.<\/p>\t\t\t\t\t\t\t\t<\/div>\n\t\t\t\t<\/div>\n\t\t\t\t<\/div>\n\t\t<div data-particle_enable=\"false\" data-particle-mobile-disabled=\"false\" class=\"elementor-element elementor-element-c55b8d4 e-con-full e-flex e-con e-child\" data-id=\"c55b8d4\" data-element_type=\"container\">\n\t\t\t\t<div class=\"elementor-element elementor-element-cee5782 elementor-widget elementor-widget-heading\" data-id=\"cee5782\" data-element_type=\"widget\" data-widget_type=\"heading.default\">\n\t\t\t\t<div class=\"elementor-widget-container\">\n\t\t\t\t\t<h2 class=\"elementor-heading-title elementor-size-default\">Open a company profile<\/h2>\t\t\t\t<\/div>\n\t\t\t\t<\/div>\n\t\t\t\t<div class=\"elementor-element elementor-element-ee52d84 elementor-widget elementor-widget-text-editor\" data-id=\"ee52d84\" data-element_type=\"widget\" data-widget_type=\"text-editor.default\">\n\t\t\t\t<div class=\"elementor-widget-container\">\n\t\t\t\t\t\t\t\t\t<p>If you are interested in having your company appear on the list of companies:<\/p><ol><li>Accede to <a href=\"https:\/\/empresas.agromunity.com\/\" target=\"_blank\" rel=\"noopener\"><span style=\"text-decoration: underline;\"><strong><span style=\"color: #568958; text-decoration: underline;\">companies.agromunity.com<\/span><\/strong><\/span><\/a><\/li><li><strong>Log in<\/strong> if you are already registered or register if you are not yet.<\/li><li>Press the button &quot;<strong>add profile<\/strong>&quot; up to the right.<\/li><li><strong>Enter all the data of your company<\/strong> or professional profile (the more information the better).<\/li><li>Click below on \u00ab<strong>preview<\/strong>\u00ab.<\/li><li>Once you have verified that everything is correct, press the &quot;<strong>Save Changes<\/strong>\u00ab.<\/li><\/ol><p>At this time, your company profile will be published in the general list and you will be able to receive requests for meetings from other professionals.<\/p><p>Once on the platform, you can schedule and arrange meetings with other professionals or companies that are registered on it. The objective of the meetings can be of a different nature, from the search for partners to collaborate on new projects, the identification of suppliers to the discussion of technical issues related to the use and application of the products developed or marketed by the companies.<\/p><p>This networking space is a great opportunity to establish contacts, generate business opportunities and exchange opinions on the latest trends in sustainable agriculture and organizations applied to agriculture.<\/p>\t\t\t\t\t\t\t\t<\/div>\n\t\t\t\t<\/div>\n\t\t\t\t<\/div>\n\t\t\t\t\t<\/div>\n\t\t\t\t<\/div>\n\t\t\t\t<\/div>","protected":false},"excerpt":{"rendered":"<p>PLATAFORMA NETWORKING Ya puedes acceder a la plataforma Networking en donde solicitar reuniones entre empresas, t\u00e9cnicos y otros profesionales interesados en aprovechar su presencia durante las dos jornadas presenciales del evento. ACCEDER A PLATAFORMA Concertar una cita Si quieres concertar una reuni\u00f3n con empresas o profesionales: Accede a empresas.agromunity.com Reg\u00edstrate haciendo click en el bot\u00f3n [&hellip;]<\/p>","protected":false},"author":3,"featured_media":0,"parent":0,"menu_order":0,"comment_status":"closed","ping_status":"closed","template":"elementor_header_footer","meta":{"inline_featured_image":false,"footnotes":""},"class_list":["post-1632","page","type-page","status-publish","hentry"],"_links":{"self":[{"href":"https:\/\/microbioma.es\/en\/wp-json\/wp\/v2\/pages\/1632","targetHints":{"allow":["GET"]}}],"collection":[{"href":"https:\/\/microbioma.es\/en\/wp-json\/wp\/v2\/pages"}],"about":[{"href":"https:\/\/microbioma.es\/en\/wp-json\/wp\/v2\/types\/page"}],"author":[{"embeddable":true,"href":"https:\/\/microbioma.es\/en\/wp-json\/wp\/v2\/users\/3"}],"replies":[{"embeddable":true,"href":"https:\/\/microbioma.es\/en\/wp-json\/wp\/v2\/comments?post=1632"}],"version-history":[{"count":0,"href":"https:\/\/microbioma.es\/en\/wp-json\/wp\/v2\/pages\/1632\/revisions"}],"wp:attachment":[{"href":"https:\/\/microbioma.es\/en\/wp-json\/wp\/v2\/media?parent=1632"}],"curies":[{"name":"wp","href":"https:\/\/api.w.org\/{rel}","templated":true}]}}