{"id":15963,"date":"2022-10-19T09:59:22","date_gmt":"2022-10-19T07:59:22","guid":{"rendered":"https:\/\/microbioma.es\/?page_id=15963"},"modified":"2022-10-19T10:00:49","modified_gmt":"2022-10-19T08:00:49","slug":"ponentes-2021","status":"publish","type":"page","link":"https:\/\/microbioma.es\/en\/ponentes-2021\/","title":{"rendered":"Speakers 2021"},"content":{"rendered":"<div data-elementor-type=\"wp-page\" data-elementor-id=\"15963\" class=\"elementor elementor-15963\" data-elementor-post-type=\"page\">\n\t\t\t\t\t\t<section data-particle_enable=\"false\" data-particle-mobile-disabled=\"false\" class=\"elementor-section elementor-top-section elementor-element elementor-element-29a5e6f elementor-section-full_width elementor-section-height-default elementor-section-height-default\" data-id=\"29a5e6f\" data-element_type=\"section\" data-settings=\"{&quot;background_background&quot;:&quot;classic&quot;}\">\n\t\t\t\t\t\t<div class=\"elementor-container elementor-column-gap-default\">\n\t\t\t\t\t<div class=\"elementor-column elementor-col-100 elementor-top-column elementor-element elementor-element-13caaf2\" data-id=\"13caaf2\" data-element_type=\"column\">\n\t\t\t<div class=\"elementor-widget-wrap elementor-element-populated\">\n\t\t\t\t\t\t<div class=\"elementor-element elementor-element-cf3303e elementor-widget elementor-widget-heading\" data-id=\"cf3303e\" data-element_type=\"widget\" data-widget_type=\"heading.default\">\n\t\t\t\t<div class=\"elementor-widget-container\">\n\t\t\t\t\t<p class=\"elementor-heading-title elementor-size-default\">Confirmed speakers<\/p>\t\t\t\t<\/div>\n\t\t\t\t<\/div>\n\t\t\t\t<div class=\"elementor-element elementor-element-8ef8daa elementor-widget-divider--view-line elementor-widget elementor-widget-divider\" data-id=\"8ef8daa\" data-element_type=\"widget\" data-widget_type=\"divider.default\">\n\t\t\t\t<div class=\"elementor-widget-container\">\n\t\t\t\t\t\t\t<div class=\"elementor-divider\">\n\t\t\t<span class=\"elementor-divider-separator\">\n\t\t\t\t\t\t<\/span>\n\t\t<\/div>\n\t\t\t\t\t\t<\/div>\n\t\t\t\t<\/div>\n\t\t\t\t\t<\/div>\n\t\t<\/div>\n\t\t\t\t\t<\/div>\n\t\t<\/section>\n\t\t\t\t<\/div>","protected":false},"excerpt":{"rendered":"<p>Ponentes confirmados Wagner Bettiol Investigador Ambiental (EMBRAPA) Magdalena Fr\u0105c Investigadora Biotecnolog\u00eda Ambiental (IPAN) Jennifer Kendzior Office of Climate Change, Biodiversity and Environment (OCB) FAO Ana Bejarano Investigadora (Fondazione Edmund Mach) Grazia Masciandaro Investigadora (CRN de Pisa) Manuel Delgado Universidad Pablo de Olavide Alberto Bago Cient\u00edfico titular CSIC (Est. experimental del Zaid\u00edn) Emilio Nicol\u00e1s Investigador Cient\u00edfico [&hellip;]<\/p>","protected":false},"author":3,"featured_media":0,"parent":0,"menu_order":0,"comment_status":"closed","ping_status":"closed","template":"elementor_header_footer","meta":{"inline_featured_image":false,"footnotes":""},"class_list":["post-15963","page","type-page","status-publish","hentry"],"_links":{"self":[{"href":"https:\/\/microbioma.es\/en\/wp-json\/wp\/v2\/pages\/15963","targetHints":{"allow":["GET"]}}],"collection":[{"href":"https:\/\/microbioma.es\/en\/wp-json\/wp\/v2\/pages"}],"about":[{"href":"https:\/\/microbioma.es\/en\/wp-json\/wp\/v2\/types\/page"}],"author":[{"embeddable":true,"href":"https:\/\/microbioma.es\/en\/wp-json\/wp\/v2\/users\/3"}],"replies":[{"embeddable":true,"href":"https:\/\/microbioma.es\/en\/wp-json\/wp\/v2\/comments?post=15963"}],"version-history":[{"count":0,"href":"https:\/\/microbioma.es\/en\/wp-json\/wp\/v2\/pages\/15963\/revisions"}],"wp:attachment":[{"href":"https:\/\/microbioma.es\/en\/wp-json\/wp\/v2\/media?parent=15963"}],"curies":[{"name":"wp","href":"https:\/\/api.w.org\/{rel}","templated":true}]}}