{"id":1127,"date":"2019-03-26T18:24:31","date_gmt":"2019-03-26T17:24:31","guid":{"rendered":"https:\/\/microbioma.es\/?page_id=1127"},"modified":"2019-05-07T12:00:33","modified_gmt":"2019-05-07T10:00:33","slug":"politica-privacidad","status":"publish","type":"page","link":"https:\/\/microbioma.es\/en\/politica-privacidad\/","title":{"rendered":"PRIVACY POLICY"},"content":{"rendered":"<div data-elementor-type=\"wp-post\" data-elementor-id=\"1127\" class=\"elementor elementor-1127\" data-elementor-post-type=\"page\">\n\t\t\t\t\t\t<section data-particle_enable=\"false\" data-particle-mobile-disabled=\"false\" class=\"elementor-section elementor-top-section elementor-element elementor-element-56efef5b elementor-section-boxed elementor-section-height-default elementor-section-height-default\" data-id=\"56efef5b\" data-element_type=\"section\" data-settings=\"{&quot;background_background&quot;:&quot;classic&quot;}\">\n\t\t\t\t\t\t<div class=\"elementor-container elementor-column-gap-default\">\n\t\t\t\t\t<div class=\"elementor-column elementor-col-100 elementor-top-column elementor-element elementor-element-2fea811e\" data-id=\"2fea811e\" data-element_type=\"column\">\n\t\t\t<div class=\"elementor-widget-wrap elementor-element-populated\">\n\t\t\t\t\t\t<div class=\"elementor-element elementor-element-16d22ca0 elementor-widget elementor-widget-text-editor\" data-id=\"16d22ca0\" data-element_type=\"widget\" data-widget_type=\"text-editor.default\">\n\t\t\t\t<div class=\"elementor-widget-container\">\n\t\t\t\t\t\t\t\t\t<p><\/p>\n<h2 style=\"text-align: center;\">PRIVACY POLICY<\/h2>\n<p class=\"p1\"><span class=\"s1\">WHO IS RESPONSIBLE FOR THE PROCESSING OF YOUR DATA?<\/span><\/p>\n<ul class=\"ul1\">\n<li class=\"li2\"><span class=\"s1\"><b>RESPONSIBLE FOR THE TREATMENT<\/b>: AGROMARKETING SOLUTIONS, SL<\/span><\/li>\n<li class=\"li2\"><span class=\"s1\"><b>VAT number: <\/b>B73907842<\/span><\/li>\n<li class=\"li2\"><span class=\"s1\"><b>Mailing Address:<\/b> C\/ Jos\u00e9 Mar\u00edn Camacho, 20, <\/span><span class=\"s6\">30530, Cieza, MURCIA<\/span><\/li>\n<li class=\"li7\"><span class=\"s1\"><b>Email: <\/b><\/span><span class=\"s2\">congreso@microbioma.es<\/span><\/li>\n<\/ul>\n<p class=\"p8\"><span class=\"s1\"><b>WHAT KIND OF DATA DO WE PROCESS?<\/b><\/span><\/p>\n<p class=\"p2\"><span class=\"s1\">Depending on the services or functionalities that you want to enjoy at all times, we will need to process some data or others.<span class=\"Apple-converted-space\">\u00a0 <\/span>In general, said data will be, depending on the case, the following:<\/span><\/p>\n<ul class=\"ul1\">\n<li class=\"li9\"><span class=\"s1\">Your identifying data (For example: Your name, surname, language, country from which you interact with us, contact information, etc.)<\/span><\/li>\n<li class=\"li9\"><span class=\"s1\">Economic and transactional information (For example: Your payment or card details, information about your purchases, returns, etc...).<\/span><\/li>\n<li class=\"li9\"><span class=\"s1\">Connection, geolocation and navigation data (in case you interact with us from your mobile, for example).<\/span><\/li>\n<li class=\"li9\"><span class=\"s1\">Commercial information if you were subscribed to our newsletter.<\/span><\/li>\n<li class=\"li9\"><span class=\"s1\">Data about your tastes and preferences.<\/span><\/li>\n<\/ul>\n<p class=\"p2\"><span class=\"s1\">Remember that when we ask you to fill in your personal data to give you access to any functionality or service on the web, we will mark some fields as mandatory, since they are data that we need to be able to provide you with the service or give you access to the functionality in question. <\/span><\/p>\n<p class=\"p7\"><span class=\"s1\">Please note that if you decide not to provide us with this data, you may not be able to complete your registration as a user or you may not be able to enjoy those services or functionalities.<\/span><\/p>\n<p class=\"p8\"><span class=\"s1\"><b>FOR WHAT PURPOSE DO WE PROCESS YOUR PERSONAL DATA?<\/b><\/span><\/p>\n<p class=\"p2\"><span class=\"s1\">Depending on how you interact with our website, we will process your personal data for the following purposes:<\/span><\/p>\n<p><b><\/b><span class=\"s1\"><b>1. For the development, compliance and execution of the Registration Contract for the Congress.<\/b><\/span><\/p>\n<p class=\"p2\"><span class=\"s1\">This purpose includes the processing of your data mainly for: <\/span><\/p>\n<ul class=\"ul1\">\n<li class=\"li9\"><span class=\"s1\">Contact you in relation to updates or informative communications related to the registration to the congress.<\/span><\/li>\n<li class=\"li9\"><span class=\"s1\">Manage the payment of the registration that you acquire, regardless of the means of payment used. <\/span><\/li>\n<li class=\"li9\"><span class=\"s1\">Activate the necessary mechanisms in order to prevent potential fraud against you and against ourselves during the purchase process. If we consider that the operation may be fraudulent, this treatment may result in the blocking of the transaction.<\/span><\/li>\n<li class=\"li9\"><span class=\"s1\">Manage possible returns once you have completed the registration and manage requests for information on the availability of space.<\/span><\/li>\n<li class=\"li9\"><span class=\"s1\">Invoice and to make available to you the tickets, invoices and any other document proving payment regarding the registration you have made on our Platform.<\/span><\/li>\n<\/ul>\n<p><b><\/b><span class=\"s1\"><b>2. To meet the requests or requests that you make through the different means incorporated into our Platform. <\/b><\/span><\/p>\n<p class=\"p2\"><span class=\"s1\">We only process personal data that is strictly necessary to manage or resolve your request or request.<\/span><\/p>\n<p><b><\/b><span class=\"s1\"><b>3. For marketing purposes. <\/b><\/span><\/p>\n<p class=\"p2\"><span class=\"s1\">To the extent that you subscribe to our Newsletter, your personal data will be used for the periodic sending of company newsletters.<\/span><\/p>\n<p class=\"p2\"><span class=\"s1\">You must remember that you can unsubscribe from the Newsletter at any time and at no cost by notifying SOLUCIONES AGROMARKETING, SL by e-mail. <\/span><span class=\"s2\">congreso@microbioma.es<\/span><\/p>\n<p class=\"p2\"><span class=\"s1\"><b>4. Usability and quality analysis to improve our services (Cookies)<\/b><\/span><\/p>\n<p class=\"p7\"><span class=\"s1\">If you access our Platform, we inform you that we will treat your browsing data for analytical and statistical purposes, that is, to understand the way in which users interact with our Platform and thus be able to introduce improvements in it. Likewise, on occasions, we carry out quality actions and surveys aimed at finding out the degree of satisfaction of our customers and users and detecting those areas in which we can improve.<\/span><\/p>\n<p class=\"p8\"><span class=\"s1\"><b>WHAT IS THE LEGITIMATION FOR THE PROCESSING OF YOUR DATA? <\/b><\/span><\/p>\n<p class=\"p2\"><span class=\"s1\">The legal basis that allows us to process your personal data also depends on the purpose for which we process it, in this way we will find different legal bases by virtue of the following purposes:<\/span><\/p>\n<p><b><\/b><span class=\"s1\"><b>1. Development, fulfillment and execution of the purchase contract.<\/b><\/span><\/p>\n<p class=\"p2\"><span class=\"s1\">The processing of your data is necessary for the execution of the sales contract that binds us to you when you register for the congress. We understand that the processing of this data is positive for all parties involved when payment for a purchase is made and in particular for you, since it allows us to implement the appropriate measures in order to protect you against fraud attempts made by third parties.<\/span><\/p>\n<p><b><\/b><span class=\"s1\"><b>2. Customer Service.<\/b><\/span><\/p>\n<p class=\"p2\"><span class=\"s1\">We consider that we have a legitimate interest in responding to the requests or queries that you make to us through the various existing means of contact. We understand that the processing of this data is also beneficial for you insofar as it allows us to be able to attend you properly and resolve the queries raised. When you contact us, in particular, for the management of incidents related to the service purchased through the Platform, the treatment is necessary for the execution of the registration contract. When your query is related to the exercise of the rights that we inform you about below, or with claims related to our services or functionalities, what legitimizes us to process your data is compliance with legal obligations on our part.<\/span><\/p>\n<p class=\"p2\"><b>3.Marketing.<\/b><\/p>\n<p class=\"p2\"><span class=\"s1\">The legitimate basis for processing your data for marketing purposes is the consent you give.<\/span><\/p>\n<p class=\"p2\"><span class=\"s1\">By way of example, when you agree to receive personalized information through various means, when you authorize the sending of a newsletter, or when you accept the legal bases to participate in a promotional action. <\/span><\/p>\n<p class=\"p2\"><span class=\"s1\">In order to show you personalized information, we consider that we have a legitimate interest to perform profiling with the information we have about you (browsing you perform, preferences or purchase history) and the personal data you have provided us such as age range or language , since we understand that the processing of this data is also beneficial for you because it allows you to improve your user experience and access information according to your preferences.<\/span><\/p>\n<p><b><\/b><span class=\"s1\"><b>4. Usability and quality analysis<\/b><\/span><\/p>\n<p class=\"p7\"><span class=\"s1\">We consider that we have a legitimate interest in analyzing the usability of the Platform and the degree of user satisfaction, since we understand that the processing of this data is also beneficial for you because the purpose is to improve the user experience and offer a higher quality service. .<\/span><\/p>\n<p class=\"p8\"><span class=\"s1\"><b>FOR HOW LONG WILL WE KEEP YOUR DATA?<\/b><\/span><\/p>\n<p><b><\/b><span class=\"s1\"><b>1. Development, fulfillment and execution of the purchase contract.<\/b><\/span><\/p>\n<p class=\"p2\"><span class=\"s1\">We will treat your data for the time necessary to manage the purchase of the registration and subsequently 1 year to avoid possible errors or misunderstandings. On some occasions, we will only process some data until you decide, such as the payment data (credit card) that you have asked us to store for possible future purchases.<\/span><\/p>\n<p><b><\/b><span class=\"s1\"><b>2. Customer Service<\/b><\/span><\/p>\n<p class=\"p2\"><span class=\"s1\">We will process your data for as long as it is necessary to attend to your request or request.<\/span><\/p>\n<p><b><\/b><span class=\"s1\"><b>3.Marketing<\/b><\/span><\/p>\n<p class=\"p2\"><span class=\"s1\">We will process your data until you request to unsubscribe or cancel your subscription to the newsletter. If you participate in promotional actions, we will keep your data for a period of six (6) months from the end of the action.<\/span><\/p>\n<p class=\"p7\"><span class=\"s2\">Regardless of whether we process your data for the time strictly necessary to fulfill the corresponding purpose, we will subsequently keep it duly stored and protected for as long as responsibilities arising from the processing may arise, in compliance with current regulations at all times. Once the possible actions in each case are prescribed, we will proceed to the deletion of personal data.<\/span><\/p>\n<p class=\"p8\"><span class=\"s1\"><b>WILL WE SHARE YOUR DATA WITH THIRD PARTIES? <\/b><\/span><\/p>\n<p class=\"p2\"><span class=\"s1\">To fulfill the purposes indicated in this Privacy Policy, it is necessary that we give access to your personal data to third parties that provide us with support in the services that we offer and that we detail below: <\/span><\/p>\n<ul class=\"ul1\">\n<li class=\"li9\"><span class=\"s1\">SOLUCIONES AGROMARKETING, SL in the event that you subscribe to our newsletter.<\/span><\/li>\n<li class=\"li9\"><span class=\"s1\">Financial entities <\/span><\/li>\n<li class=\"li7\"><span class=\"s1\">Technology service providers <\/span><\/li>\n<\/ul>\n<p class=\"p8\"><span class=\"s1\"><b>WHAT ARE YOUR RIGHTS WHEN YOU PROVIDE US WITH YOUR DATA?<\/b><\/span><\/p>\n<p class=\"p2\"><span class=\"s1\">We promise to respect the confidentiality of your personal data and guarantee the exercise of your rights. <\/span><\/p>\n<p class=\"p2\"><span class=\"s1\">You can exercise them at no cost by sending us an email to our address congreso@microbioma.es, simply indicating the reason for your request and the right you want to exercise. <\/span><\/p>\n<p class=\"p2\"><span class=\"s1\">In the event that we consider it necessary to be able to identify you, we may request a copy of a document proving your identity. In particular, regardless of the purpose or legal basis for which we process your data, you have the right to: <\/span><\/p>\n<ul class=\"ul1\">\n<li class=\"li9\"><span class=\"s1\">Ask us for access to your data that we have. <\/span><\/li>\n<li class=\"li9\"><span class=\"s1\"> Ask us to rectify the data we already have. Keep in mind that by actively providing us with your personal data by any means, you guarantee that they are true and accurate and you agree to notify us of any changes or modifications to them. <\/span><\/li>\n<li class=\"li9\"><span class=\"s1\">Ask us to delete your data to the extent that they are no longer necessary for the purpose for which we need to process them as we have previously informed you, or that we no longer have the legitimacy to do so. <\/span><\/li>\n<li class=\"li9\"><span class=\"s1\">Ask us to limit the processing of your data, which means that in certain cases you can ask us to temporarily suspend the processing of the data or to keep it beyond the necessary time when you may need it. If you have given us your consent for the processing of your data for any purpose, you also have the right to withdraw it at any time. <\/span><\/li>\n<li class=\"li9\"><span class=\"s1\">On the other hand, when the processing of your data is based on our legitimate interest, you will also have the right to oppose the processing of your data.<\/span><\/li>\n<\/ul>\n<p class=\"p2\"><span class=\"s1\">Finally, we inform you of your right to file a claim with the relevant data protection control authority, in particular, with the Spanish Data Protection Agency. <a href=\"https:\/\/www.agpd.es\/portalwebAGPD\/index-ides-idphp.php\" target=\"_blank\" rel=\"noopener\"><span class=\"s8\">https:\/\/www.agpd.es\/portalwebAGPD\/index-ides-idphp.php<\/span><\/a>\u00a0<\/span><\/p>\n<p class=\"p1\"><strong><span class=\"s1\">CHANGES TO THE PRIVACY POLICY.<\/span><\/strong><\/p>\n<p class=\"p2\"><span class=\"s1\"> We may change the information contained in this <a href=\"https:\/\/microbioma.es\/en\/politica-privacidad\/\">Privacy Policy<\/a> when we deem appropriate. In the event that we do so, we will notify you in different ways through the Platform, or we will even communicate it to your email address when the change in question is significant for your privacy, so that you can review the changes, evaluate them and, where appropriate, oppose or unsubscribe from any service or functionality. <\/span><\/p>\n<p class=\"p1\"><strong><span class=\"s1\">INFORMATION ABOUT COOKIES <\/span><\/strong><\/p>\n<p class=\"p2\"><span class=\"s1\">We use cookies and similar devices to facilitate your browsing on the Platform, to learn how you interact with us and, in certain cases, to be able to show you advertising based on your browsing habits. Please read our <b>Cookies policy<\/b> to learn more about the cookies and similar devices we use, their purpose and other information of interest.<\/span><\/p>\n<p><\/p>\t\t\t\t\t\t\t\t<\/div>\n\t\t\t\t<\/div>\n\t\t\t\t\t<\/div>\n\t\t<\/div>\n\t\t\t\t\t<\/div>\n\t\t<\/section>\n\t\t\t\t<\/div>","protected":false},"excerpt":{"rendered":"<p>POL\u00cdTICA DE PRIVACIDAD \u00bfQUI\u00c9N ES EL RESPONSABLE DEL TRATAMIENTO DE SUS DATOS? RESPONSABLE DEL TRATAMIENTO: SOLUCIONES AGROMARKETING, S.L. CIF: B73907842 Direcci\u00f3n Postal: C\/ Jos\u00e9 Mar\u00edn Camacho, 20, 30530, Cieza, MURCIA Correo electr\u00f3nico: congreso@microbioma.es \u00bfQU\u00c9 TIPO DE DATOS TRATAMOS? Dependiendo de los servicios o funcionalidades de los que quiera disfrutar en cada momento necesitaremos tratar unos [&hellip;]<\/p>","protected":false},"author":3,"featured_media":0,"parent":0,"menu_order":0,"comment_status":"closed","ping_status":"closed","template":"elementor_header_footer","meta":{"inline_featured_image":false,"footnotes":""},"class_list":["post-1127","page","type-page","status-publish","hentry"],"_links":{"self":[{"href":"https:\/\/microbioma.es\/en\/wp-json\/wp\/v2\/pages\/1127","targetHints":{"allow":["GET"]}}],"collection":[{"href":"https:\/\/microbioma.es\/en\/wp-json\/wp\/v2\/pages"}],"about":[{"href":"https:\/\/microbioma.es\/en\/wp-json\/wp\/v2\/types\/page"}],"author":[{"embeddable":true,"href":"https:\/\/microbioma.es\/en\/wp-json\/wp\/v2\/users\/3"}],"replies":[{"embeddable":true,"href":"https:\/\/microbioma.es\/en\/wp-json\/wp\/v2\/comments?post=1127"}],"version-history":[{"count":0,"href":"https:\/\/microbioma.es\/en\/wp-json\/wp\/v2\/pages\/1127\/revisions"}],"wp:attachment":[{"href":"https:\/\/microbioma.es\/en\/wp-json\/wp\/v2\/media?parent=1127"}],"curies":[{"name":"wp","href":"https:\/\/api.w.org\/{rel}","templated":true}]}}